{"id":156,"date":"2022-11-09T10:43:32","date_gmt":"2022-11-09T10:43:32","guid":{"rendered":"https:\/\/sophie.ms.decms.eu\/sample-page\/"},"modified":"2025-08-27T14:01:31","modified_gmt":"2025-08-27T14:01:31","slug":"sample-page","status":"publish","type":"page","link":"https:\/\/www.hotel-jardins-sophie.fr\/de\/","title":{"rendered":"Les Jardins de Sophie****"},"content":{"rendered":"\r\n<p style=\"text-align: center\"><span style=\"font-weight: 400\">Das Spa-Hotel Les Jardins de Sophie**** liegt inmitten der W\u00e4lder der Vogesen auf einem 9 Hektar gro\u00dfen Gel\u00e4nde zwischen den D\u00f6rfern Xonrupt-Longemer und Le Valtin, nur 8 km von G\u00e9rardmer entfernt.<\/span><\/p>\r\n<p style=\"text-align: center\"><span style=\"font-weight: 400\">Lassen Sie sich bei Ihrem Aufenthalt in Les Jardins de Sophie \u00fcberraschen, wir werden unser Bestes tun, Sie zufriedenzustellen!<\/span><\/p>\r\n","protected":false},"excerpt":{"rendered":"<p>Das Spa-Hotel Les Jardins de Sophie**** liegt inmitten der W\u00e4lder der Vogesen auf einem 9 Hektar gro\u00dfen Gel\u00e4nde zwischen den D\u00f6rfern Xonrupt-Longemer und Le Valtin, nur 8 km von G\u00e9rardmer entfernt. Lassen Sie sich bei Ihrem Aufenthalt in Les Jardins de Sophie \u00fcberraschen, wir werden unser Bestes tun, Sie zufriedenzustellen!<\/p>\n","protected":false},"author":46,"featured_media":0,"parent":0,"menu_order":10,"comment_status":"closed","ping_status":"closed","template":"","meta":{"footnotes":""},"class_list":["post-156","page","type-page","status-publish","hentry"],"yoast_head":"<!-- This site is optimized with the Yoast SEO plugin v26.9 - https:\/\/yoast.com\/product\/yoast-seo-wordpress\/ -->\n<title>Spa-Hotel Les Jardins de Sophie****<\/title>\n<meta name=\"description\" content=\"Spa-Hotel Les Jardins de Sophie**** im Herzen der Vogesen in der N\u00e4he von Gerardmer mit Sauna Hamman Wellnessbereich Gourmet-Restaurant Seminare Hochzeiten Urlaub Erholung.\" \/>\n<meta name=\"robots\" content=\"index, follow, max-snippet:-1, max-image-preview:large, max-video-preview:-1\" \/>\n<link rel=\"canonical\" href=\"https:\/\/www.hotel-jardins-sophie.fr\/de\/\" \/>\n<meta property=\"og:locale\" content=\"de_DE\" \/>\n<meta property=\"og:type\" content=\"article\" \/>\n<meta property=\"og:title\" content=\"Spa-Hotel Les Jardins de Sophie****\" \/>\n<meta property=\"og:description\" content=\"Spa-Hotel Les Jardins de Sophie**** im Herzen der Vogesen in der N\u00e4he von Gerardmer mit Sauna Hamman Wellnessbereich Gourmet-Restaurant Seminare Hochzeiten Urlaub Erholung.\" \/>\n<meta property=\"og:url\" content=\"https:\/\/www.hotel-jardins-sophie.fr\/de\/\" \/>\n<meta property=\"og:site_name\" content=\"Les Jardins de Sophie\" \/>\n<meta property=\"article:modified_time\" content=\"2025-08-27T14:01:31+00:00\" \/>\n<meta name=\"twitter:card\" content=\"summary_large_image\" \/>\n<meta name=\"twitter:label1\" content=\"Gesch\u00e4tzte Lesezeit\" \/>\n\t<meta name=\"twitter:data1\" content=\"1 Minute\" \/>\n<script type=\"application\/ld+json\" class=\"yoast-schema-graph\">{\"@context\":\"https:\/\/schema.org\",\"@graph\":[{\"@type\":\"WebPage\",\"@id\":\"https:\/\/www.hotel-jardins-sophie.fr\/de\/\",\"url\":\"https:\/\/www.hotel-jardins-sophie.fr\/de\/\",\"name\":\"Spa-Hotel Les Jardins de Sophie****\",\"isPartOf\":{\"@id\":\"https:\/\/www.hotel-jardins-sophie.fr\/de\/#website\"},\"datePublished\":\"2022-11-09T10:43:32+00:00\",\"dateModified\":\"2025-08-27T14:01:31+00:00\",\"description\":\"Spa-Hotel Les Jardins de Sophie**** im Herzen der Vogesen in der N\u00e4he von Gerardmer mit Sauna Hamman Wellnessbereich Gourmet-Restaurant Seminare Hochzeiten Urlaub Erholung.\",\"breadcrumb\":{\"@id\":\"https:\/\/www.hotel-jardins-sophie.fr\/de\/#breadcrumb\"},\"inLanguage\":\"de-DE\",\"potentialAction\":[{\"@type\":\"ReadAction\",\"target\":[\"https:\/\/www.hotel-jardins-sophie.fr\/de\/\"]}]},{\"@type\":\"BreadcrumbList\",\"@id\":\"https:\/\/www.hotel-jardins-sophie.fr\/de\/#breadcrumb\",\"itemListElement\":[{\"@type\":\"ListItem\",\"position\":1,\"name\":\"Home\",\"item\":\"https:\/\/www.hotel-jardins-sophie.fr\/de\/\"},{\"@type\":\"ListItem\",\"position\":2,\"name\":\"Les Jardins de Sophie****\"}]},{\"@type\":\"WebSite\",\"@id\":\"https:\/\/www.hotel-jardins-sophie.fr\/de\/#website\",\"url\":\"https:\/\/www.hotel-jardins-sophie.fr\/de\/\",\"name\":\"Les Jardins de Sophie\",\"description\":\"\",\"potentialAction\":[{\"@type\":\"SearchAction\",\"target\":{\"@type\":\"EntryPoint\",\"urlTemplate\":\"https:\/\/www.hotel-jardins-sophie.fr\/de\/?s={search_term_string}\"},\"query-input\":{\"@type\":\"PropertyValueSpecification\",\"valueRequired\":true,\"valueName\":\"search_term_string\"}}],\"inLanguage\":\"de-DE\"}]}<\/script>\n<!-- \/ Yoast SEO plugin. -->","yoast_head_json":{"title":"Spa-Hotel Les Jardins de Sophie****","description":"Spa-Hotel Les Jardins de Sophie**** im Herzen der Vogesen in der N\u00e4he von Gerardmer mit Sauna Hamman Wellnessbereich Gourmet-Restaurant Seminare Hochzeiten Urlaub Erholung.","robots":{"index":"index","follow":"follow","max-snippet":"max-snippet:-1","max-image-preview":"max-image-preview:large","max-video-preview":"max-video-preview:-1"},"canonical":"https:\/\/www.hotel-jardins-sophie.fr\/de\/","og_locale":"de_DE","og_type":"article","og_title":"Spa-Hotel Les Jardins de Sophie****","og_description":"Spa-Hotel Les Jardins de Sophie**** im Herzen der Vogesen in der N\u00e4he von Gerardmer mit Sauna Hamman Wellnessbereich Gourmet-Restaurant Seminare Hochzeiten Urlaub Erholung.","og_url":"https:\/\/www.hotel-jardins-sophie.fr\/de\/","og_site_name":"Les Jardins de Sophie","article_modified_time":"2025-08-27T14:01:31+00:00","twitter_card":"summary_large_image","twitter_misc":{"Gesch\u00e4tzte Lesezeit":"1 Minute"},"schema":{"@context":"https:\/\/schema.org","@graph":[{"@type":"WebPage","@id":"https:\/\/www.hotel-jardins-sophie.fr\/de\/","url":"https:\/\/www.hotel-jardins-sophie.fr\/de\/","name":"Spa-Hotel Les Jardins de Sophie****","isPartOf":{"@id":"https:\/\/www.hotel-jardins-sophie.fr\/de\/#website"},"datePublished":"2022-11-09T10:43:32+00:00","dateModified":"2025-08-27T14:01:31+00:00","description":"Spa-Hotel Les Jardins de Sophie**** im Herzen der Vogesen in der N\u00e4he von Gerardmer mit Sauna Hamman Wellnessbereich Gourmet-Restaurant Seminare Hochzeiten Urlaub Erholung.","breadcrumb":{"@id":"https:\/\/www.hotel-jardins-sophie.fr\/de\/#breadcrumb"},"inLanguage":"de-DE","potentialAction":[{"@type":"ReadAction","target":["https:\/\/www.hotel-jardins-sophie.fr\/de\/"]}]},{"@type":"BreadcrumbList","@id":"https:\/\/www.hotel-jardins-sophie.fr\/de\/#breadcrumb","itemListElement":[{"@type":"ListItem","position":1,"name":"Home","item":"https:\/\/www.hotel-jardins-sophie.fr\/de\/"},{"@type":"ListItem","position":2,"name":"Les Jardins de Sophie****"}]},{"@type":"WebSite","@id":"https:\/\/www.hotel-jardins-sophie.fr\/de\/#website","url":"https:\/\/www.hotel-jardins-sophie.fr\/de\/","name":"Les Jardins de Sophie","description":"","potentialAction":[{"@type":"SearchAction","target":{"@type":"EntryPoint","urlTemplate":"https:\/\/www.hotel-jardins-sophie.fr\/de\/?s={search_term_string}"},"query-input":{"@type":"PropertyValueSpecification","valueRequired":true,"valueName":"search_term_string"}}],"inLanguage":"de-DE"}]}},"acf":[],"_links":{"self":[{"href":"https:\/\/www.hotel-jardins-sophie.fr\/de\/wp-json\/wp\/v2\/pages\/156","targetHints":{"allow":["GET"]}}],"collection":[{"href":"https:\/\/www.hotel-jardins-sophie.fr\/de\/wp-json\/wp\/v2\/pages"}],"about":[{"href":"https:\/\/www.hotel-jardins-sophie.fr\/de\/wp-json\/wp\/v2\/types\/page"}],"author":[{"embeddable":true,"href":"https:\/\/www.hotel-jardins-sophie.fr\/de\/wp-json\/wp\/v2\/users\/46"}],"replies":[{"embeddable":true,"href":"https:\/\/www.hotel-jardins-sophie.fr\/de\/wp-json\/wp\/v2\/comments?post=156"}],"version-history":[{"count":0,"href":"https:\/\/www.hotel-jardins-sophie.fr\/de\/wp-json\/wp\/v2\/pages\/156\/revisions"}],"wp:attachment":[{"href":"https:\/\/www.hotel-jardins-sophie.fr\/de\/wp-json\/wp\/v2\/media?parent=156"}],"curies":[{"name":"wp","href":"https:\/\/api.w.org\/{rel}","templated":true}]}}