{"id":235,"date":"2022-11-09T13:07:58","date_gmt":"2022-11-09T13:07:58","guid":{"rendered":"https:\/\/www.hotel-jardins-sophie.fr\/chambres-et-suites\/"},"modified":"2026-02-23T08:17:11","modified_gmt":"2026-02-23T08:17:11","slug":"zimmer-und-suiten","status":"publish","type":"page","link":"https:\/\/www.hotel-jardins-sophie.fr\/de\/zimmer-und-suiten\/","title":{"rendered":"Zimmer und Suiten"},"content":{"rendered":"<p style=\"text-align: center\"><span style=\"font-weight: 400\">Die 37 Zimmer des mit 4 Sternen ausgezeichneten Spa-Hotels Les Jardins de Sophie**** sind geschmackvoll und mit Fingerspitzengef\u00fchl eingerichtet. Hier finden Sie den Stil eines charmanten schicken Berghotels, der die gesamte Anlage pr\u00e4gt.<\/span><\/p>\n<p style=\"text-align: center\"><span style=\"font-weight: 400\">Alle Zimmer des Hotels sind individuell und unterschiedlich in Fl\u00e4che, Dekoration und Einrichtung. Sie zeigen jedoch alle die gleiche Qualit\u00e4t der Materialien und Produkte. Alle Zimmer und Suiten sind gepflegt eingerichtet. Alle sind mit einem Flachbildfernseher, einer Minibar, einem Willkommenstablett und einem Safe ausgestattet. Die Badezimmer, meist mit Badewanne, teilweise mit Dusche sind oft sehr hell und immer modern. Einige Zimmer befinden sich unter einem hohen, patinierten Holzgeb\u00e4lk, andere werden Sie mit ihrer Duplex-Architektur \u00fcberraschen. Um die beste Konfiguration f\u00fcr Ihren n\u00e4chsten Aufenthalt zu finden, kontaktieren Sie uns: Wir beraten Sie optimal.<\/span><\/p>\n<p style=\"text-align: center\"><strong>Bei jeder Zimmerreservierung ist der Zugang zum Spa- und Poolbereich im Preis inbegriffen<\/strong><\/p>\n","protected":false},"excerpt":{"rendered":"<p>Die 37 Zimmer des mit 4 Sternen ausgezeichneten Spa-Hotels Les Jardins de Sophie**** sind geschmackvoll und mit Fingerspitzengef\u00fchl eingerichtet. Hier finden Sie den Stil eines charmanten schicken Berghotels, der die gesamte Anlage pr\u00e4gt. Alle Zimmer des Hotels sind individuell und unterschiedlich in Fl\u00e4che, Dekoration und Einrichtung. Sie zeigen jedoch alle die gleiche Qualit\u00e4t der Materialien [&hellip;]<\/p>\n","protected":false},"author":46,"featured_media":0,"parent":0,"menu_order":20,"comment_status":"closed","ping_status":"closed","template":"template-rooms.php","meta":{"footnotes":""},"class_list":["post-235","page","type-page","status-publish","hentry"],"yoast_head":"<!-- This site is optimized with the Yoast SEO plugin v26.9 - https:\/\/yoast.com\/product\/yoast-seo-wordpress\/ -->\n<title>Hotel Les Jardins de Sophie**** Zimmer mit Waldblick<\/title>\n<meta name=\"description\" content=\"Hotel Les Jardins de Sophie**** mit gro\u00dfen und ger\u00e4umigne Zimmer und Suiten mit Blick auf den Wald der Vogesen. Komfortables Badezimmer.\" \/>\n<meta name=\"robots\" content=\"index, follow, max-snippet:-1, max-image-preview:large, max-video-preview:-1\" \/>\n<link rel=\"canonical\" href=\"https:\/\/www.hotel-jardins-sophie.fr\/de\/zimmer-und-suiten\/\" \/>\n<meta property=\"og:locale\" content=\"de_DE\" \/>\n<meta property=\"og:type\" content=\"article\" \/>\n<meta property=\"og:title\" content=\"Hotel Les Jardins de Sophie**** Zimmer mit Waldblick\" \/>\n<meta property=\"og:description\" content=\"Hotel Les Jardins de Sophie**** mit gro\u00dfen und ger\u00e4umigne Zimmer und Suiten mit Blick auf den Wald der Vogesen. Komfortables Badezimmer.\" \/>\n<meta property=\"og:url\" content=\"https:\/\/www.hotel-jardins-sophie.fr\/de\/zimmer-und-suiten\/\" \/>\n<meta property=\"og:site_name\" content=\"Les Jardins de Sophie\" \/>\n<meta property=\"article:modified_time\" content=\"2026-02-23T08:17:11+00:00\" \/>\n<meta name=\"twitter:card\" content=\"summary_large_image\" \/>\n<meta name=\"twitter:label1\" content=\"Gesch\u00e4tzte Lesezeit\" \/>\n\t<meta name=\"twitter:data1\" content=\"1 Minute\" \/>\n<script type=\"application\/ld+json\" class=\"yoast-schema-graph\">{\"@context\":\"https:\/\/schema.org\",\"@graph\":[{\"@type\":\"WebPage\",\"@id\":\"https:\/\/www.hotel-jardins-sophie.fr\/de\/zimmer-und-suiten\/\",\"url\":\"https:\/\/www.hotel-jardins-sophie.fr\/de\/zimmer-und-suiten\/\",\"name\":\"Hotel Les Jardins de Sophie**** Zimmer mit Waldblick\",\"isPartOf\":{\"@id\":\"https:\/\/www.hotel-jardins-sophie.fr\/de\/#website\"},\"datePublished\":\"2022-11-09T13:07:58+00:00\",\"dateModified\":\"2026-02-23T08:17:11+00:00\",\"description\":\"Hotel Les Jardins de Sophie**** mit gro\u00dfen und ger\u00e4umigne Zimmer und Suiten mit Blick auf den Wald der Vogesen. Komfortables Badezimmer.\",\"breadcrumb\":{\"@id\":\"https:\/\/www.hotel-jardins-sophie.fr\/de\/zimmer-und-suiten\/#breadcrumb\"},\"inLanguage\":\"de-DE\",\"potentialAction\":[{\"@type\":\"ReadAction\",\"target\":[\"https:\/\/www.hotel-jardins-sophie.fr\/de\/zimmer-und-suiten\/\"]}]},{\"@type\":\"BreadcrumbList\",\"@id\":\"https:\/\/www.hotel-jardins-sophie.fr\/de\/zimmer-und-suiten\/#breadcrumb\",\"itemListElement\":[{\"@type\":\"ListItem\",\"position\":1,\"name\":\"Home\",\"item\":\"https:\/\/www.hotel-jardins-sophie.fr\/de\/\"},{\"@type\":\"ListItem\",\"position\":2,\"name\":\"Zimmer und Suiten\"}]},{\"@type\":\"WebSite\",\"@id\":\"https:\/\/www.hotel-jardins-sophie.fr\/de\/#website\",\"url\":\"https:\/\/www.hotel-jardins-sophie.fr\/de\/\",\"name\":\"Les Jardins de Sophie\",\"description\":\"\",\"potentialAction\":[{\"@type\":\"SearchAction\",\"target\":{\"@type\":\"EntryPoint\",\"urlTemplate\":\"https:\/\/www.hotel-jardins-sophie.fr\/de\/?s={search_term_string}\"},\"query-input\":{\"@type\":\"PropertyValueSpecification\",\"valueRequired\":true,\"valueName\":\"search_term_string\"}}],\"inLanguage\":\"de-DE\"}]}<\/script>\n<!-- \/ Yoast SEO plugin. -->","yoast_head_json":{"title":"Hotel Les Jardins de Sophie**** Zimmer mit Waldblick","description":"Hotel Les Jardins de Sophie**** mit gro\u00dfen und ger\u00e4umigne Zimmer und Suiten mit Blick auf den Wald der Vogesen. Komfortables Badezimmer.","robots":{"index":"index","follow":"follow","max-snippet":"max-snippet:-1","max-image-preview":"max-image-preview:large","max-video-preview":"max-video-preview:-1"},"canonical":"https:\/\/www.hotel-jardins-sophie.fr\/de\/zimmer-und-suiten\/","og_locale":"de_DE","og_type":"article","og_title":"Hotel Les Jardins de Sophie**** Zimmer mit Waldblick","og_description":"Hotel Les Jardins de Sophie**** mit gro\u00dfen und ger\u00e4umigne Zimmer und Suiten mit Blick auf den Wald der Vogesen. Komfortables Badezimmer.","og_url":"https:\/\/www.hotel-jardins-sophie.fr\/de\/zimmer-und-suiten\/","og_site_name":"Les Jardins de Sophie","article_modified_time":"2026-02-23T08:17:11+00:00","twitter_card":"summary_large_image","twitter_misc":{"Gesch\u00e4tzte Lesezeit":"1 Minute"},"schema":{"@context":"https:\/\/schema.org","@graph":[{"@type":"WebPage","@id":"https:\/\/www.hotel-jardins-sophie.fr\/de\/zimmer-und-suiten\/","url":"https:\/\/www.hotel-jardins-sophie.fr\/de\/zimmer-und-suiten\/","name":"Hotel Les Jardins de Sophie**** Zimmer mit Waldblick","isPartOf":{"@id":"https:\/\/www.hotel-jardins-sophie.fr\/de\/#website"},"datePublished":"2022-11-09T13:07:58+00:00","dateModified":"2026-02-23T08:17:11+00:00","description":"Hotel Les Jardins de Sophie**** mit gro\u00dfen und ger\u00e4umigne Zimmer und Suiten mit Blick auf den Wald der Vogesen. Komfortables Badezimmer.","breadcrumb":{"@id":"https:\/\/www.hotel-jardins-sophie.fr\/de\/zimmer-und-suiten\/#breadcrumb"},"inLanguage":"de-DE","potentialAction":[{"@type":"ReadAction","target":["https:\/\/www.hotel-jardins-sophie.fr\/de\/zimmer-und-suiten\/"]}]},{"@type":"BreadcrumbList","@id":"https:\/\/www.hotel-jardins-sophie.fr\/de\/zimmer-und-suiten\/#breadcrumb","itemListElement":[{"@type":"ListItem","position":1,"name":"Home","item":"https:\/\/www.hotel-jardins-sophie.fr\/de\/"},{"@type":"ListItem","position":2,"name":"Zimmer und Suiten"}]},{"@type":"WebSite","@id":"https:\/\/www.hotel-jardins-sophie.fr\/de\/#website","url":"https:\/\/www.hotel-jardins-sophie.fr\/de\/","name":"Les Jardins de Sophie","description":"","potentialAction":[{"@type":"SearchAction","target":{"@type":"EntryPoint","urlTemplate":"https:\/\/www.hotel-jardins-sophie.fr\/de\/?s={search_term_string}"},"query-input":{"@type":"PropertyValueSpecification","valueRequired":true,"valueName":"search_term_string"}}],"inLanguage":"de-DE"}]}},"acf":[],"_links":{"self":[{"href":"https:\/\/www.hotel-jardins-sophie.fr\/de\/wp-json\/wp\/v2\/pages\/235","targetHints":{"allow":["GET"]}}],"collection":[{"href":"https:\/\/www.hotel-jardins-sophie.fr\/de\/wp-json\/wp\/v2\/pages"}],"about":[{"href":"https:\/\/www.hotel-jardins-sophie.fr\/de\/wp-json\/wp\/v2\/types\/page"}],"author":[{"embeddable":true,"href":"https:\/\/www.hotel-jardins-sophie.fr\/de\/wp-json\/wp\/v2\/users\/46"}],"replies":[{"embeddable":true,"href":"https:\/\/www.hotel-jardins-sophie.fr\/de\/wp-json\/wp\/v2\/comments?post=235"}],"version-history":[{"count":0,"href":"https:\/\/www.hotel-jardins-sophie.fr\/de\/wp-json\/wp\/v2\/pages\/235\/revisions"}],"wp:attachment":[{"href":"https:\/\/www.hotel-jardins-sophie.fr\/de\/wp-json\/wp\/v2\/media?parent=235"}],"curies":[{"name":"wp","href":"https:\/\/api.w.org\/{rel}","templated":true}]}}