{"id":236,"date":"2022-11-09T13:08:28","date_gmt":"2022-11-09T13:08:28","guid":{"rendered":"https:\/\/www.hotel-jardins-sophie.fr\/chambres-et-suites\/chambre-standard\/"},"modified":"2026-01-16T18:18:22","modified_gmt":"2026-01-16T18:18:22","slug":"zimmer-standard","status":"publish","type":"page","link":"https:\/\/www.hotel-jardins-sophie.fr\/de\/zimmer-und-suiten\/zimmer-standard\/","title":{"rendered":"Standardzimmer"},"content":{"rendered":"<p style=\"text-align: center\"><span style=\"font-weight: 400\">Unsere \u201eStandard\u201c-Zimmer lassen Sie in die Natur eintauchen.<\/span><\/p>\n","protected":false},"excerpt":{"rendered":"<p>Unsere \u201eStandard\u201c-Zimmer lassen Sie in die Natur eintauchen.<\/p>\n","protected":false},"author":46,"featured_media":0,"parent":235,"menu_order":210,"comment_status":"closed","ping_status":"closed","template":"template-single-room.php","meta":{"footnotes":""},"class_list":["post-236","page","type-page","status-publish","hentry"],"yoast_head":"<!-- This site is optimized with the Yoast SEO plugin v26.9 - https:\/\/yoast.com\/product\/yoast-seo-wordpress\/ -->\n<title>Zimmer Standard mit Waldblick<\/title>\n<meta name=\"description\" content=\"Zimmer Standard mit Waldblick, Fr\u00fchst\u00fcck mit allem Komfort, gro\u00dfe und ger\u00e4umige Zimmer.\" \/>\n<meta name=\"robots\" content=\"index, follow, max-snippet:-1, max-image-preview:large, max-video-preview:-1\" \/>\n<link rel=\"canonical\" href=\"https:\/\/www.hotel-jardins-sophie.fr\/de\/zimmer-und-suiten\/zimmer-standard\/\" \/>\n<meta property=\"og:locale\" content=\"de_DE\" \/>\n<meta property=\"og:type\" content=\"article\" \/>\n<meta property=\"og:title\" content=\"Zimmer Standard mit Waldblick\" \/>\n<meta property=\"og:description\" content=\"Zimmer Standard mit Waldblick, Fr\u00fchst\u00fcck mit allem Komfort, gro\u00dfe und ger\u00e4umige Zimmer.\" \/>\n<meta property=\"og:url\" content=\"https:\/\/www.hotel-jardins-sophie.fr\/de\/zimmer-und-suiten\/zimmer-standard\/\" \/>\n<meta property=\"og:site_name\" content=\"Les Jardins de Sophie\" \/>\n<meta property=\"article:modified_time\" content=\"2026-01-16T18:18:22+00:00\" \/>\n<meta name=\"twitter:card\" content=\"summary_large_image\" \/>\n<meta name=\"twitter:label1\" content=\"Gesch\u00e4tzte Lesezeit\" \/>\n\t<meta name=\"twitter:data1\" content=\"1 Minute\" \/>\n<script type=\"application\/ld+json\" class=\"yoast-schema-graph\">{\"@context\":\"https:\/\/schema.org\",\"@graph\":[{\"@type\":\"WebPage\",\"@id\":\"https:\/\/www.hotel-jardins-sophie.fr\/de\/zimmer-und-suiten\/zimmer-standard\/\",\"url\":\"https:\/\/www.hotel-jardins-sophie.fr\/de\/zimmer-und-suiten\/zimmer-standard\/\",\"name\":\"Zimmer Standard mit Waldblick\",\"isPartOf\":{\"@id\":\"https:\/\/www.hotel-jardins-sophie.fr\/de\/#website\"},\"datePublished\":\"2022-11-09T13:08:28+00:00\",\"dateModified\":\"2026-01-16T18:18:22+00:00\",\"description\":\"Zimmer Standard mit Waldblick, Fr\u00fchst\u00fcck mit allem Komfort, gro\u00dfe und ger\u00e4umige Zimmer.\",\"breadcrumb\":{\"@id\":\"https:\/\/www.hotel-jardins-sophie.fr\/de\/zimmer-und-suiten\/zimmer-standard\/#breadcrumb\"},\"inLanguage\":\"de-DE\",\"potentialAction\":[{\"@type\":\"ReadAction\",\"target\":[\"https:\/\/www.hotel-jardins-sophie.fr\/de\/zimmer-und-suiten\/zimmer-standard\/\"]}]},{\"@type\":\"BreadcrumbList\",\"@id\":\"https:\/\/www.hotel-jardins-sophie.fr\/de\/zimmer-und-suiten\/zimmer-standard\/#breadcrumb\",\"itemListElement\":[{\"@type\":\"ListItem\",\"position\":1,\"name\":\"Home\",\"item\":\"https:\/\/www.hotel-jardins-sophie.fr\/de\/\"},{\"@type\":\"ListItem\",\"position\":2,\"name\":\"Zimmer und Suiten\",\"item\":\"https:\/\/www.hotel-jardins-sophie.fr\/de\/zimmer-und-suiten\/\"},{\"@type\":\"ListItem\",\"position\":3,\"name\":\"Standardzimmer\"}]},{\"@type\":\"WebSite\",\"@id\":\"https:\/\/www.hotel-jardins-sophie.fr\/de\/#website\",\"url\":\"https:\/\/www.hotel-jardins-sophie.fr\/de\/\",\"name\":\"Les Jardins de Sophie\",\"description\":\"\",\"potentialAction\":[{\"@type\":\"SearchAction\",\"target\":{\"@type\":\"EntryPoint\",\"urlTemplate\":\"https:\/\/www.hotel-jardins-sophie.fr\/de\/?s={search_term_string}\"},\"query-input\":{\"@type\":\"PropertyValueSpecification\",\"valueRequired\":true,\"valueName\":\"search_term_string\"}}],\"inLanguage\":\"de-DE\"}]}<\/script>\n<!-- \/ Yoast SEO plugin. -->","yoast_head_json":{"title":"Zimmer Standard mit Waldblick","description":"Zimmer Standard mit Waldblick, Fr\u00fchst\u00fcck mit allem Komfort, gro\u00dfe und ger\u00e4umige Zimmer.","robots":{"index":"index","follow":"follow","max-snippet":"max-snippet:-1","max-image-preview":"max-image-preview:large","max-video-preview":"max-video-preview:-1"},"canonical":"https:\/\/www.hotel-jardins-sophie.fr\/de\/zimmer-und-suiten\/zimmer-standard\/","og_locale":"de_DE","og_type":"article","og_title":"Zimmer Standard mit Waldblick","og_description":"Zimmer Standard mit Waldblick, Fr\u00fchst\u00fcck mit allem Komfort, gro\u00dfe und ger\u00e4umige Zimmer.","og_url":"https:\/\/www.hotel-jardins-sophie.fr\/de\/zimmer-und-suiten\/zimmer-standard\/","og_site_name":"Les Jardins de Sophie","article_modified_time":"2026-01-16T18:18:22+00:00","twitter_card":"summary_large_image","twitter_misc":{"Gesch\u00e4tzte Lesezeit":"1 Minute"},"schema":{"@context":"https:\/\/schema.org","@graph":[{"@type":"WebPage","@id":"https:\/\/www.hotel-jardins-sophie.fr\/de\/zimmer-und-suiten\/zimmer-standard\/","url":"https:\/\/www.hotel-jardins-sophie.fr\/de\/zimmer-und-suiten\/zimmer-standard\/","name":"Zimmer Standard mit Waldblick","isPartOf":{"@id":"https:\/\/www.hotel-jardins-sophie.fr\/de\/#website"},"datePublished":"2022-11-09T13:08:28+00:00","dateModified":"2026-01-16T18:18:22+00:00","description":"Zimmer Standard mit Waldblick, Fr\u00fchst\u00fcck mit allem Komfort, gro\u00dfe und ger\u00e4umige Zimmer.","breadcrumb":{"@id":"https:\/\/www.hotel-jardins-sophie.fr\/de\/zimmer-und-suiten\/zimmer-standard\/#breadcrumb"},"inLanguage":"de-DE","potentialAction":[{"@type":"ReadAction","target":["https:\/\/www.hotel-jardins-sophie.fr\/de\/zimmer-und-suiten\/zimmer-standard\/"]}]},{"@type":"BreadcrumbList","@id":"https:\/\/www.hotel-jardins-sophie.fr\/de\/zimmer-und-suiten\/zimmer-standard\/#breadcrumb","itemListElement":[{"@type":"ListItem","position":1,"name":"Home","item":"https:\/\/www.hotel-jardins-sophie.fr\/de\/"},{"@type":"ListItem","position":2,"name":"Zimmer und Suiten","item":"https:\/\/www.hotel-jardins-sophie.fr\/de\/zimmer-und-suiten\/"},{"@type":"ListItem","position":3,"name":"Standardzimmer"}]},{"@type":"WebSite","@id":"https:\/\/www.hotel-jardins-sophie.fr\/de\/#website","url":"https:\/\/www.hotel-jardins-sophie.fr\/de\/","name":"Les Jardins de Sophie","description":"","potentialAction":[{"@type":"SearchAction","target":{"@type":"EntryPoint","urlTemplate":"https:\/\/www.hotel-jardins-sophie.fr\/de\/?s={search_term_string}"},"query-input":{"@type":"PropertyValueSpecification","valueRequired":true,"valueName":"search_term_string"}}],"inLanguage":"de-DE"}]}},"acf":[],"_links":{"self":[{"href":"https:\/\/www.hotel-jardins-sophie.fr\/de\/wp-json\/wp\/v2\/pages\/236","targetHints":{"allow":["GET"]}}],"collection":[{"href":"https:\/\/www.hotel-jardins-sophie.fr\/de\/wp-json\/wp\/v2\/pages"}],"about":[{"href":"https:\/\/www.hotel-jardins-sophie.fr\/de\/wp-json\/wp\/v2\/types\/page"}],"author":[{"embeddable":true,"href":"https:\/\/www.hotel-jardins-sophie.fr\/de\/wp-json\/wp\/v2\/users\/46"}],"replies":[{"embeddable":true,"href":"https:\/\/www.hotel-jardins-sophie.fr\/de\/wp-json\/wp\/v2\/comments?post=236"}],"version-history":[{"count":0,"href":"https:\/\/www.hotel-jardins-sophie.fr\/de\/wp-json\/wp\/v2\/pages\/236\/revisions"}],"up":[{"embeddable":true,"href":"https:\/\/www.hotel-jardins-sophie.fr\/de\/wp-json\/wp\/v2\/pages\/235"}],"wp:attachment":[{"href":"https:\/\/www.hotel-jardins-sophie.fr\/de\/wp-json\/wp\/v2\/media?parent=236"}],"curies":[{"name":"wp","href":"https:\/\/api.w.org\/{rel}","templated":true}]}}