{"id":239,"date":"2022-11-09T13:14:23","date_gmt":"2022-11-09T13:14:23","guid":{"rendered":"https:\/\/www.hotel-jardins-sophie.fr\/services-equipements\/"},"modified":"2025-12-10T10:35:38","modified_gmt":"2025-12-10T10:35:38","slug":"serviceleistungen-und-ausstattungen","status":"publish","type":"page","link":"https:\/\/www.hotel-jardins-sophie.fr\/de\/serviceleistungen-und-ausstattungen\/","title":{"rendered":"Serviceleistungen und Ausstattungen"},"content":{"rendered":"<p style=\"text-align: center\"><span style=\"font-weight: 400\">Wir w\u00fcnschen Ihnen alles Gute f\u00fcr Ihren Aufenthalt und stehen Ihnen jederzeit zur Verf\u00fcgung, um Ihnen einen erstklassigen Service zu bieten. Bitte sprechen Sie uns an, um weitere Informationen und Details \u00fcber unsere Dienstleistungen zu erhalten.<\/span><\/p>\n","protected":false},"excerpt":{"rendered":"<p>Wir w\u00fcnschen Ihnen alles Gute f\u00fcr Ihren Aufenthalt und stehen Ihnen jederzeit zur Verf\u00fcgung, um Ihnen einen erstklassigen Service zu bieten. Bitte sprechen Sie uns an, um weitere Informationen und Details \u00fcber unsere Dienstleistungen zu erhalten.<\/p>\n","protected":false},"author":46,"featured_media":0,"parent":0,"menu_order":30,"comment_status":"closed","ping_status":"closed","template":"template-services.php","meta":{"footnotes":""},"class_list":["post-239","page","type-page","status-publish","hentry"],"yoast_head":"<!-- This site is optimized with the Yoast SEO plugin v26.9 - https:\/\/yoast.com\/product\/yoast-seo-wordpress\/ -->\n<title>Kostenlose Hotel-Conciergerie-Dienstleistungen<\/title>\n<meta name=\"description\" content=\"Dienstleistungen mit freiem und kostenlosem Zugang, WLAN, Bar, Ski, Spa Pool, Parkplatz, behindertengerecht.\" \/>\n<meta name=\"robots\" content=\"index, follow, max-snippet:-1, max-image-preview:large, max-video-preview:-1\" \/>\n<link rel=\"canonical\" href=\"https:\/\/www.hotel-jardins-sophie.fr\/de\/serviceleistungen-und-ausstattungen\/\" \/>\n<meta property=\"og:locale\" content=\"de_DE\" \/>\n<meta property=\"og:type\" content=\"article\" \/>\n<meta property=\"og:title\" content=\"Kostenlose Hotel-Conciergerie-Dienstleistungen\" \/>\n<meta property=\"og:description\" content=\"Dienstleistungen mit freiem und kostenlosem Zugang, WLAN, Bar, Ski, Spa Pool, Parkplatz, behindertengerecht.\" \/>\n<meta property=\"og:url\" content=\"https:\/\/www.hotel-jardins-sophie.fr\/de\/serviceleistungen-und-ausstattungen\/\" \/>\n<meta property=\"og:site_name\" content=\"Les Jardins de Sophie\" \/>\n<meta property=\"article:modified_time\" content=\"2025-12-10T10:35:38+00:00\" \/>\n<meta name=\"twitter:card\" content=\"summary_large_image\" \/>\n<meta name=\"twitter:label1\" content=\"Gesch\u00e4tzte Lesezeit\" \/>\n\t<meta name=\"twitter:data1\" content=\"1 Minute\" \/>\n<script type=\"application\/ld+json\" class=\"yoast-schema-graph\">{\"@context\":\"https:\/\/schema.org\",\"@graph\":[{\"@type\":\"WebPage\",\"@id\":\"https:\/\/www.hotel-jardins-sophie.fr\/de\/serviceleistungen-und-ausstattungen\/\",\"url\":\"https:\/\/www.hotel-jardins-sophie.fr\/de\/serviceleistungen-und-ausstattungen\/\",\"name\":\"Kostenlose Hotel-Conciergerie-Dienstleistungen\",\"isPartOf\":{\"@id\":\"https:\/\/www.hotel-jardins-sophie.fr\/de\/#website\"},\"datePublished\":\"2022-11-09T13:14:23+00:00\",\"dateModified\":\"2025-12-10T10:35:38+00:00\",\"description\":\"Dienstleistungen mit freiem und kostenlosem Zugang, WLAN, Bar, Ski, Spa Pool, Parkplatz, behindertengerecht.\",\"breadcrumb\":{\"@id\":\"https:\/\/www.hotel-jardins-sophie.fr\/de\/serviceleistungen-und-ausstattungen\/#breadcrumb\"},\"inLanguage\":\"de-DE\",\"potentialAction\":[{\"@type\":\"ReadAction\",\"target\":[\"https:\/\/www.hotel-jardins-sophie.fr\/de\/serviceleistungen-und-ausstattungen\/\"]}]},{\"@type\":\"BreadcrumbList\",\"@id\":\"https:\/\/www.hotel-jardins-sophie.fr\/de\/serviceleistungen-und-ausstattungen\/#breadcrumb\",\"itemListElement\":[{\"@type\":\"ListItem\",\"position\":1,\"name\":\"Home\",\"item\":\"https:\/\/www.hotel-jardins-sophie.fr\/de\/\"},{\"@type\":\"ListItem\",\"position\":2,\"name\":\"Serviceleistungen und Ausstattungen\"}]},{\"@type\":\"WebSite\",\"@id\":\"https:\/\/www.hotel-jardins-sophie.fr\/de\/#website\",\"url\":\"https:\/\/www.hotel-jardins-sophie.fr\/de\/\",\"name\":\"Les Jardins de Sophie\",\"description\":\"\",\"potentialAction\":[{\"@type\":\"SearchAction\",\"target\":{\"@type\":\"EntryPoint\",\"urlTemplate\":\"https:\/\/www.hotel-jardins-sophie.fr\/de\/?s={search_term_string}\"},\"query-input\":{\"@type\":\"PropertyValueSpecification\",\"valueRequired\":true,\"valueName\":\"search_term_string\"}}],\"inLanguage\":\"de-DE\"}]}<\/script>\n<!-- \/ Yoast SEO plugin. -->","yoast_head_json":{"title":"Kostenlose Hotel-Conciergerie-Dienstleistungen","description":"Dienstleistungen mit freiem und kostenlosem Zugang, WLAN, Bar, Ski, Spa Pool, Parkplatz, behindertengerecht.","robots":{"index":"index","follow":"follow","max-snippet":"max-snippet:-1","max-image-preview":"max-image-preview:large","max-video-preview":"max-video-preview:-1"},"canonical":"https:\/\/www.hotel-jardins-sophie.fr\/de\/serviceleistungen-und-ausstattungen\/","og_locale":"de_DE","og_type":"article","og_title":"Kostenlose Hotel-Conciergerie-Dienstleistungen","og_description":"Dienstleistungen mit freiem und kostenlosem Zugang, WLAN, Bar, Ski, Spa Pool, Parkplatz, behindertengerecht.","og_url":"https:\/\/www.hotel-jardins-sophie.fr\/de\/serviceleistungen-und-ausstattungen\/","og_site_name":"Les Jardins de Sophie","article_modified_time":"2025-12-10T10:35:38+00:00","twitter_card":"summary_large_image","twitter_misc":{"Gesch\u00e4tzte Lesezeit":"1 Minute"},"schema":{"@context":"https:\/\/schema.org","@graph":[{"@type":"WebPage","@id":"https:\/\/www.hotel-jardins-sophie.fr\/de\/serviceleistungen-und-ausstattungen\/","url":"https:\/\/www.hotel-jardins-sophie.fr\/de\/serviceleistungen-und-ausstattungen\/","name":"Kostenlose Hotel-Conciergerie-Dienstleistungen","isPartOf":{"@id":"https:\/\/www.hotel-jardins-sophie.fr\/de\/#website"},"datePublished":"2022-11-09T13:14:23+00:00","dateModified":"2025-12-10T10:35:38+00:00","description":"Dienstleistungen mit freiem und kostenlosem Zugang, WLAN, Bar, Ski, Spa Pool, Parkplatz, behindertengerecht.","breadcrumb":{"@id":"https:\/\/www.hotel-jardins-sophie.fr\/de\/serviceleistungen-und-ausstattungen\/#breadcrumb"},"inLanguage":"de-DE","potentialAction":[{"@type":"ReadAction","target":["https:\/\/www.hotel-jardins-sophie.fr\/de\/serviceleistungen-und-ausstattungen\/"]}]},{"@type":"BreadcrumbList","@id":"https:\/\/www.hotel-jardins-sophie.fr\/de\/serviceleistungen-und-ausstattungen\/#breadcrumb","itemListElement":[{"@type":"ListItem","position":1,"name":"Home","item":"https:\/\/www.hotel-jardins-sophie.fr\/de\/"},{"@type":"ListItem","position":2,"name":"Serviceleistungen und Ausstattungen"}]},{"@type":"WebSite","@id":"https:\/\/www.hotel-jardins-sophie.fr\/de\/#website","url":"https:\/\/www.hotel-jardins-sophie.fr\/de\/","name":"Les Jardins de Sophie","description":"","potentialAction":[{"@type":"SearchAction","target":{"@type":"EntryPoint","urlTemplate":"https:\/\/www.hotel-jardins-sophie.fr\/de\/?s={search_term_string}"},"query-input":{"@type":"PropertyValueSpecification","valueRequired":true,"valueName":"search_term_string"}}],"inLanguage":"de-DE"}]}},"acf":[],"_links":{"self":[{"href":"https:\/\/www.hotel-jardins-sophie.fr\/de\/wp-json\/wp\/v2\/pages\/239","targetHints":{"allow":["GET"]}}],"collection":[{"href":"https:\/\/www.hotel-jardins-sophie.fr\/de\/wp-json\/wp\/v2\/pages"}],"about":[{"href":"https:\/\/www.hotel-jardins-sophie.fr\/de\/wp-json\/wp\/v2\/types\/page"}],"author":[{"embeddable":true,"href":"https:\/\/www.hotel-jardins-sophie.fr\/de\/wp-json\/wp\/v2\/users\/46"}],"replies":[{"embeddable":true,"href":"https:\/\/www.hotel-jardins-sophie.fr\/de\/wp-json\/wp\/v2\/comments?post=239"}],"version-history":[{"count":0,"href":"https:\/\/www.hotel-jardins-sophie.fr\/de\/wp-json\/wp\/v2\/pages\/239\/revisions"}],"wp:attachment":[{"href":"https:\/\/www.hotel-jardins-sophie.fr\/de\/wp-json\/wp\/v2\/media?parent=239"}],"curies":[{"name":"wp","href":"https:\/\/api.w.org\/{rel}","templated":true}]}}