{"id":240,"date":"2022-11-09T13:16:20","date_gmt":"2022-11-09T13:16:20","guid":{"rendered":"https:\/\/www.hotel-jardins-sophie.fr\/services-equipements\/piscine\/"},"modified":"2025-02-20T21:16:54","modified_gmt":"2025-02-20T21:16:54","slug":"pool","status":"publish","type":"page","link":"https:\/\/www.hotel-jardins-sophie.fr\/de\/serviceleistungen-und-ausstattungen\/pool\/","title":{"rendered":"Pool"},"content":{"rendered":"<p style=\"text-align: center\"><span style=\"font-weight: 400\">Nach einer Wanderung oder einem Spaziergang im Herzen des Vogesenwaldes werden Sie es genie\u00dfen, in das t\u00fcrkisfarbene Wasser einzutauchen und ein paar Runden zu schwimmen \u2013 und dies in einem Rahmen, der mit dem Geist eines \u201estilvollen Bergchalets\u201c harmoniert. An sch\u00f6nen Tagen k\u00f6nnen Sie sich auf der Sonnenterrasse au\u00dferhalb des Beckens sonnen und abk\u00fchlen.<\/span><\/p>\n<p style=\"text-align: center\"><span style=\"font-weight: 400\">Gr\u00f6\u00dfe des Beckens: 11 Meter x 6 Meter<\/span><br \/>\n<span style=\"font-weight: 400\">\u00d6ffnungszeiten: t\u00e4glich von 9. bis 20 Uhr<\/span><\/p>\n<p style=\"text-align: center\"><span style=\"font-weight: 400\">Hinweis: Wir bieten Personen, die nicht im Hotel bleiben, den Zugang zum Bereich \u201eSchwimmbad, Fitnessraum und Entspannungs-Spa\u201c f\u00fcr 35 Euro an, g\u00fcltig f\u00fcr einen halben Tag (9.-13.30 oder 13-17.30 Uhr). Reservierung \u00fcber die Rezeption des Hotels erforderlich.<\/span><\/p>\n","protected":false},"excerpt":{"rendered":"<p>Nach einer Wanderung oder einem Spaziergang im Herzen des Vogesenwaldes werden Sie es genie\u00dfen, in das t\u00fcrkisfarbene Wasser einzutauchen und ein paar Runden zu schwimmen \u2013 und dies in einem Rahmen, der mit dem Geist eines \u201estilvollen Bergchalets\u201c harmoniert. An sch\u00f6nen Tagen k\u00f6nnen Sie sich auf der Sonnenterrasse au\u00dferhalb des Beckens sonnen und abk\u00fchlen. Gr\u00f6\u00dfe [&hellip;]<\/p>\n","protected":false},"author":46,"featured_media":0,"parent":239,"menu_order":310,"comment_status":"closed","ping_status":"closed","template":"template-single-service.php","meta":{"footnotes":""},"class_list":["post-240","page","type-page","status-publish","hentry"],"yoast_head":"<!-- This site is optimized with the Yoast SEO plugin v26.9 - https:\/\/yoast.com\/product\/yoast-seo-wordpress\/ -->\n<title>Beheiztes Hallenbad kostenlos<\/title>\n<meta name=\"description\" content=\"\u00dcberdachter und beheizter Poolbereich kostenlos.\" \/>\n<meta name=\"robots\" content=\"index, follow, max-snippet:-1, max-image-preview:large, max-video-preview:-1\" \/>\n<link rel=\"canonical\" href=\"https:\/\/www.hotel-jardins-sophie.fr\/de\/serviceleistungen-und-ausstattungen\/pool\/\" \/>\n<meta property=\"og:locale\" content=\"de_DE\" \/>\n<meta property=\"og:type\" content=\"article\" \/>\n<meta property=\"og:title\" content=\"Beheiztes Hallenbad kostenlos\" \/>\n<meta property=\"og:description\" content=\"\u00dcberdachter und beheizter Poolbereich kostenlos.\" \/>\n<meta property=\"og:url\" content=\"https:\/\/www.hotel-jardins-sophie.fr\/de\/serviceleistungen-und-ausstattungen\/pool\/\" \/>\n<meta property=\"og:site_name\" content=\"Les Jardins de Sophie\" \/>\n<meta property=\"article:modified_time\" content=\"2025-02-20T21:16:54+00:00\" \/>\n<meta name=\"twitter:card\" content=\"summary_large_image\" \/>\n<meta name=\"twitter:label1\" content=\"Gesch\u00e4tzte Lesezeit\" \/>\n\t<meta name=\"twitter:data1\" content=\"1 Minute\" \/>\n<script type=\"application\/ld+json\" class=\"yoast-schema-graph\">{\"@context\":\"https:\/\/schema.org\",\"@graph\":[{\"@type\":\"WebPage\",\"@id\":\"https:\/\/www.hotel-jardins-sophie.fr\/de\/serviceleistungen-und-ausstattungen\/pool\/\",\"url\":\"https:\/\/www.hotel-jardins-sophie.fr\/de\/serviceleistungen-und-ausstattungen\/pool\/\",\"name\":\"Beheiztes Hallenbad kostenlos\",\"isPartOf\":{\"@id\":\"https:\/\/www.hotel-jardins-sophie.fr\/de\/#website\"},\"datePublished\":\"2022-11-09T13:16:20+00:00\",\"dateModified\":\"2025-02-20T21:16:54+00:00\",\"description\":\"\u00dcberdachter und beheizter Poolbereich kostenlos.\",\"breadcrumb\":{\"@id\":\"https:\/\/www.hotel-jardins-sophie.fr\/de\/serviceleistungen-und-ausstattungen\/pool\/#breadcrumb\"},\"inLanguage\":\"de-DE\",\"potentialAction\":[{\"@type\":\"ReadAction\",\"target\":[\"https:\/\/www.hotel-jardins-sophie.fr\/de\/serviceleistungen-und-ausstattungen\/pool\/\"]}]},{\"@type\":\"BreadcrumbList\",\"@id\":\"https:\/\/www.hotel-jardins-sophie.fr\/de\/serviceleistungen-und-ausstattungen\/pool\/#breadcrumb\",\"itemListElement\":[{\"@type\":\"ListItem\",\"position\":1,\"name\":\"Home\",\"item\":\"https:\/\/www.hotel-jardins-sophie.fr\/de\/\"},{\"@type\":\"ListItem\",\"position\":2,\"name\":\"Serviceleistungen und Ausstattungen\",\"item\":\"https:\/\/www.hotel-jardins-sophie.fr\/de\/serviceleistungen-und-ausstattungen\/\"},{\"@type\":\"ListItem\",\"position\":3,\"name\":\"Pool\"}]},{\"@type\":\"WebSite\",\"@id\":\"https:\/\/www.hotel-jardins-sophie.fr\/de\/#website\",\"url\":\"https:\/\/www.hotel-jardins-sophie.fr\/de\/\",\"name\":\"Les Jardins de Sophie\",\"description\":\"\",\"potentialAction\":[{\"@type\":\"SearchAction\",\"target\":{\"@type\":\"EntryPoint\",\"urlTemplate\":\"https:\/\/www.hotel-jardins-sophie.fr\/de\/?s={search_term_string}\"},\"query-input\":{\"@type\":\"PropertyValueSpecification\",\"valueRequired\":true,\"valueName\":\"search_term_string\"}}],\"inLanguage\":\"de-DE\"}]}<\/script>\n<!-- \/ Yoast SEO plugin. -->","yoast_head_json":{"title":"Beheiztes Hallenbad kostenlos","description":"\u00dcberdachter und beheizter Poolbereich kostenlos.","robots":{"index":"index","follow":"follow","max-snippet":"max-snippet:-1","max-image-preview":"max-image-preview:large","max-video-preview":"max-video-preview:-1"},"canonical":"https:\/\/www.hotel-jardins-sophie.fr\/de\/serviceleistungen-und-ausstattungen\/pool\/","og_locale":"de_DE","og_type":"article","og_title":"Beheiztes Hallenbad kostenlos","og_description":"\u00dcberdachter und beheizter Poolbereich kostenlos.","og_url":"https:\/\/www.hotel-jardins-sophie.fr\/de\/serviceleistungen-und-ausstattungen\/pool\/","og_site_name":"Les Jardins de Sophie","article_modified_time":"2025-02-20T21:16:54+00:00","twitter_card":"summary_large_image","twitter_misc":{"Gesch\u00e4tzte Lesezeit":"1 Minute"},"schema":{"@context":"https:\/\/schema.org","@graph":[{"@type":"WebPage","@id":"https:\/\/www.hotel-jardins-sophie.fr\/de\/serviceleistungen-und-ausstattungen\/pool\/","url":"https:\/\/www.hotel-jardins-sophie.fr\/de\/serviceleistungen-und-ausstattungen\/pool\/","name":"Beheiztes Hallenbad kostenlos","isPartOf":{"@id":"https:\/\/www.hotel-jardins-sophie.fr\/de\/#website"},"datePublished":"2022-11-09T13:16:20+00:00","dateModified":"2025-02-20T21:16:54+00:00","description":"\u00dcberdachter und beheizter Poolbereich kostenlos.","breadcrumb":{"@id":"https:\/\/www.hotel-jardins-sophie.fr\/de\/serviceleistungen-und-ausstattungen\/pool\/#breadcrumb"},"inLanguage":"de-DE","potentialAction":[{"@type":"ReadAction","target":["https:\/\/www.hotel-jardins-sophie.fr\/de\/serviceleistungen-und-ausstattungen\/pool\/"]}]},{"@type":"BreadcrumbList","@id":"https:\/\/www.hotel-jardins-sophie.fr\/de\/serviceleistungen-und-ausstattungen\/pool\/#breadcrumb","itemListElement":[{"@type":"ListItem","position":1,"name":"Home","item":"https:\/\/www.hotel-jardins-sophie.fr\/de\/"},{"@type":"ListItem","position":2,"name":"Serviceleistungen und Ausstattungen","item":"https:\/\/www.hotel-jardins-sophie.fr\/de\/serviceleistungen-und-ausstattungen\/"},{"@type":"ListItem","position":3,"name":"Pool"}]},{"@type":"WebSite","@id":"https:\/\/www.hotel-jardins-sophie.fr\/de\/#website","url":"https:\/\/www.hotel-jardins-sophie.fr\/de\/","name":"Les Jardins de Sophie","description":"","potentialAction":[{"@type":"SearchAction","target":{"@type":"EntryPoint","urlTemplate":"https:\/\/www.hotel-jardins-sophie.fr\/de\/?s={search_term_string}"},"query-input":{"@type":"PropertyValueSpecification","valueRequired":true,"valueName":"search_term_string"}}],"inLanguage":"de-DE"}]}},"acf":[],"_links":{"self":[{"href":"https:\/\/www.hotel-jardins-sophie.fr\/de\/wp-json\/wp\/v2\/pages\/240","targetHints":{"allow":["GET"]}}],"collection":[{"href":"https:\/\/www.hotel-jardins-sophie.fr\/de\/wp-json\/wp\/v2\/pages"}],"about":[{"href":"https:\/\/www.hotel-jardins-sophie.fr\/de\/wp-json\/wp\/v2\/types\/page"}],"author":[{"embeddable":true,"href":"https:\/\/www.hotel-jardins-sophie.fr\/de\/wp-json\/wp\/v2\/users\/46"}],"replies":[{"embeddable":true,"href":"https:\/\/www.hotel-jardins-sophie.fr\/de\/wp-json\/wp\/v2\/comments?post=240"}],"version-history":[{"count":0,"href":"https:\/\/www.hotel-jardins-sophie.fr\/de\/wp-json\/wp\/v2\/pages\/240\/revisions"}],"up":[{"embeddable":true,"href":"https:\/\/www.hotel-jardins-sophie.fr\/de\/wp-json\/wp\/v2\/pages\/239"}],"wp:attachment":[{"href":"https:\/\/www.hotel-jardins-sophie.fr\/de\/wp-json\/wp\/v2\/media?parent=240"}],"curies":[{"name":"wp","href":"https:\/\/api.w.org\/{rel}","templated":true}]}}