{"id":242,"date":"2022-11-09T13:17:15","date_gmt":"2022-11-09T13:17:15","guid":{"rendered":"https:\/\/www.hotel-jardins-sophie.fr\/services-equipements\/bar\/"},"modified":"2025-01-22T16:18:36","modified_gmt":"2025-01-22T16:18:36","slug":"bar","status":"publish","type":"page","link":"https:\/\/www.hotel-jardins-sophie.fr\/de\/serviceleistungen-und-ausstattungen\/bar\/","title":{"rendered":"Bar"},"content":{"rendered":"<p style=\"text-align: center\"><span style=\"font-weight: 400\">Der Kamin-Bar-Salon, der an das Restaurant angrenzt, ist warm und gem\u00fctlich. Er eignet sich perfekt f\u00fcr einen Aperitif, einen Verdauungsschnaps oder einen Kr\u00e4utertee aus Bergpflanzen am Kamin. Die Bar ist der ideale Ort f\u00fcr alle, die sich gerne entspannen. Neben Bieren und Rum gibt es auch au\u00dfergew\u00f6hnliche Whiskys und eine Auswahl an Cocktails von gestern und heute, die von unseren Barkeepern zusammengestellt wurden.<\/span><\/p>\n","protected":false},"excerpt":{"rendered":"<p>Der Kamin-Bar-Salon, der an das Restaurant angrenzt, ist warm und gem\u00fctlich. Er eignet sich perfekt f\u00fcr einen Aperitif, einen Verdauungsschnaps oder einen Kr\u00e4utertee aus Bergpflanzen am Kamin. Die Bar ist der ideale Ort f\u00fcr alle, die sich gerne entspannen. Neben Bieren und Rum gibt es auch au\u00dfergew\u00f6hnliche Whiskys und eine Auswahl an Cocktails von gestern [&hellip;]<\/p>\n","protected":false},"author":46,"featured_media":0,"parent":239,"menu_order":330,"comment_status":"closed","ping_status":"closed","template":"template-single-service.php","meta":{"footnotes":""},"class_list":["post-242","page","type-page","status-publish","hentry"],"yoast_head":"<!-- This site is optimized with the Yoast SEO plugin v26.9 - https:\/\/yoast.com\/product\/yoast-seo-wordpress\/ -->\n<title>Cocktail- und Bierbar<\/title>\n<meta name=\"description\" content=\"Barbereich mit Kaminfeuer Entspannungsbereich Bier Cocktails Musik.\" \/>\n<meta name=\"robots\" content=\"index, follow, max-snippet:-1, max-image-preview:large, max-video-preview:-1\" \/>\n<link rel=\"canonical\" href=\"https:\/\/www.hotel-jardins-sophie.fr\/de\/serviceleistungen-und-ausstattungen\/bar\/\" \/>\n<meta property=\"og:locale\" content=\"de_DE\" \/>\n<meta property=\"og:type\" content=\"article\" \/>\n<meta property=\"og:title\" content=\"Cocktail- und Bierbar\" \/>\n<meta property=\"og:description\" content=\"Barbereich mit Kaminfeuer Entspannungsbereich Bier Cocktails Musik.\" \/>\n<meta property=\"og:url\" content=\"https:\/\/www.hotel-jardins-sophie.fr\/de\/serviceleistungen-und-ausstattungen\/bar\/\" \/>\n<meta property=\"og:site_name\" content=\"Les Jardins de Sophie\" \/>\n<meta property=\"article:modified_time\" content=\"2025-01-22T16:18:36+00:00\" \/>\n<meta name=\"twitter:card\" content=\"summary_large_image\" \/>\n<meta name=\"twitter:label1\" content=\"Gesch\u00e4tzte Lesezeit\" \/>\n\t<meta name=\"twitter:data1\" content=\"1 Minute\" \/>\n<script type=\"application\/ld+json\" class=\"yoast-schema-graph\">{\"@context\":\"https:\/\/schema.org\",\"@graph\":[{\"@type\":\"WebPage\",\"@id\":\"https:\/\/www.hotel-jardins-sophie.fr\/de\/serviceleistungen-und-ausstattungen\/bar\/\",\"url\":\"https:\/\/www.hotel-jardins-sophie.fr\/de\/serviceleistungen-und-ausstattungen\/bar\/\",\"name\":\"Cocktail- und Bierbar\",\"isPartOf\":{\"@id\":\"https:\/\/www.hotel-jardins-sophie.fr\/de\/#website\"},\"datePublished\":\"2022-11-09T13:17:15+00:00\",\"dateModified\":\"2025-01-22T16:18:36+00:00\",\"description\":\"Barbereich mit Kaminfeuer Entspannungsbereich Bier Cocktails Musik.\",\"breadcrumb\":{\"@id\":\"https:\/\/www.hotel-jardins-sophie.fr\/de\/serviceleistungen-und-ausstattungen\/bar\/#breadcrumb\"},\"inLanguage\":\"de-DE\",\"potentialAction\":[{\"@type\":\"ReadAction\",\"target\":[\"https:\/\/www.hotel-jardins-sophie.fr\/de\/serviceleistungen-und-ausstattungen\/bar\/\"]}]},{\"@type\":\"BreadcrumbList\",\"@id\":\"https:\/\/www.hotel-jardins-sophie.fr\/de\/serviceleistungen-und-ausstattungen\/bar\/#breadcrumb\",\"itemListElement\":[{\"@type\":\"ListItem\",\"position\":1,\"name\":\"Home\",\"item\":\"https:\/\/www.hotel-jardins-sophie.fr\/de\/\"},{\"@type\":\"ListItem\",\"position\":2,\"name\":\"Serviceleistungen und Ausstattungen\",\"item\":\"https:\/\/www.hotel-jardins-sophie.fr\/de\/serviceleistungen-und-ausstattungen\/\"},{\"@type\":\"ListItem\",\"position\":3,\"name\":\"Bar\"}]},{\"@type\":\"WebSite\",\"@id\":\"https:\/\/www.hotel-jardins-sophie.fr\/de\/#website\",\"url\":\"https:\/\/www.hotel-jardins-sophie.fr\/de\/\",\"name\":\"Les Jardins de Sophie\",\"description\":\"\",\"potentialAction\":[{\"@type\":\"SearchAction\",\"target\":{\"@type\":\"EntryPoint\",\"urlTemplate\":\"https:\/\/www.hotel-jardins-sophie.fr\/de\/?s={search_term_string}\"},\"query-input\":{\"@type\":\"PropertyValueSpecification\",\"valueRequired\":true,\"valueName\":\"search_term_string\"}}],\"inLanguage\":\"de-DE\"}]}<\/script>\n<!-- \/ Yoast SEO plugin. -->","yoast_head_json":{"title":"Cocktail- und Bierbar","description":"Barbereich mit Kaminfeuer Entspannungsbereich Bier Cocktails Musik.","robots":{"index":"index","follow":"follow","max-snippet":"max-snippet:-1","max-image-preview":"max-image-preview:large","max-video-preview":"max-video-preview:-1"},"canonical":"https:\/\/www.hotel-jardins-sophie.fr\/de\/serviceleistungen-und-ausstattungen\/bar\/","og_locale":"de_DE","og_type":"article","og_title":"Cocktail- und Bierbar","og_description":"Barbereich mit Kaminfeuer Entspannungsbereich Bier Cocktails Musik.","og_url":"https:\/\/www.hotel-jardins-sophie.fr\/de\/serviceleistungen-und-ausstattungen\/bar\/","og_site_name":"Les Jardins de Sophie","article_modified_time":"2025-01-22T16:18:36+00:00","twitter_card":"summary_large_image","twitter_misc":{"Gesch\u00e4tzte Lesezeit":"1 Minute"},"schema":{"@context":"https:\/\/schema.org","@graph":[{"@type":"WebPage","@id":"https:\/\/www.hotel-jardins-sophie.fr\/de\/serviceleistungen-und-ausstattungen\/bar\/","url":"https:\/\/www.hotel-jardins-sophie.fr\/de\/serviceleistungen-und-ausstattungen\/bar\/","name":"Cocktail- und Bierbar","isPartOf":{"@id":"https:\/\/www.hotel-jardins-sophie.fr\/de\/#website"},"datePublished":"2022-11-09T13:17:15+00:00","dateModified":"2025-01-22T16:18:36+00:00","description":"Barbereich mit Kaminfeuer Entspannungsbereich Bier Cocktails Musik.","breadcrumb":{"@id":"https:\/\/www.hotel-jardins-sophie.fr\/de\/serviceleistungen-und-ausstattungen\/bar\/#breadcrumb"},"inLanguage":"de-DE","potentialAction":[{"@type":"ReadAction","target":["https:\/\/www.hotel-jardins-sophie.fr\/de\/serviceleistungen-und-ausstattungen\/bar\/"]}]},{"@type":"BreadcrumbList","@id":"https:\/\/www.hotel-jardins-sophie.fr\/de\/serviceleistungen-und-ausstattungen\/bar\/#breadcrumb","itemListElement":[{"@type":"ListItem","position":1,"name":"Home","item":"https:\/\/www.hotel-jardins-sophie.fr\/de\/"},{"@type":"ListItem","position":2,"name":"Serviceleistungen und Ausstattungen","item":"https:\/\/www.hotel-jardins-sophie.fr\/de\/serviceleistungen-und-ausstattungen\/"},{"@type":"ListItem","position":3,"name":"Bar"}]},{"@type":"WebSite","@id":"https:\/\/www.hotel-jardins-sophie.fr\/de\/#website","url":"https:\/\/www.hotel-jardins-sophie.fr\/de\/","name":"Les Jardins de Sophie","description":"","potentialAction":[{"@type":"SearchAction","target":{"@type":"EntryPoint","urlTemplate":"https:\/\/www.hotel-jardins-sophie.fr\/de\/?s={search_term_string}"},"query-input":{"@type":"PropertyValueSpecification","valueRequired":true,"valueName":"search_term_string"}}],"inLanguage":"de-DE"}]}},"acf":[],"_links":{"self":[{"href":"https:\/\/www.hotel-jardins-sophie.fr\/de\/wp-json\/wp\/v2\/pages\/242","targetHints":{"allow":["GET"]}}],"collection":[{"href":"https:\/\/www.hotel-jardins-sophie.fr\/de\/wp-json\/wp\/v2\/pages"}],"about":[{"href":"https:\/\/www.hotel-jardins-sophie.fr\/de\/wp-json\/wp\/v2\/types\/page"}],"author":[{"embeddable":true,"href":"https:\/\/www.hotel-jardins-sophie.fr\/de\/wp-json\/wp\/v2\/users\/46"}],"replies":[{"embeddable":true,"href":"https:\/\/www.hotel-jardins-sophie.fr\/de\/wp-json\/wp\/v2\/comments?post=242"}],"version-history":[{"count":0,"href":"https:\/\/www.hotel-jardins-sophie.fr\/de\/wp-json\/wp\/v2\/pages\/242\/revisions"}],"up":[{"embeddable":true,"href":"https:\/\/www.hotel-jardins-sophie.fr\/de\/wp-json\/wp\/v2\/pages\/239"}],"wp:attachment":[{"href":"https:\/\/www.hotel-jardins-sophie.fr\/de\/wp-json\/wp\/v2\/media?parent=242"}],"curies":[{"name":"wp","href":"https:\/\/api.w.org\/{rel}","templated":true}]}}