{"id":243,"date":"2022-11-09T13:17:43","date_gmt":"2022-11-09T13:17:43","guid":{"rendered":"https:\/\/www.hotel-jardins-sophie.fr\/services-equipements\/conciergerie\/"},"modified":"2023-01-09T12:03:23","modified_gmt":"2023-01-09T12:03:23","slug":"conciergerie","status":"publish","type":"page","link":"https:\/\/www.hotel-jardins-sophie.fr\/de\/serviceleistungen-und-ausstattungen\/conciergerie\/","title":{"rendered":"Conciergerie"},"content":{"rendered":"<p style=\"text-align: center;\"><span style=\"font-weight: 400;\">Unser Concierge-Service, der von unserem Rezeptionsteam geleitet wird, bietet ma\u00dfgeschneiderte Dienstleistungen an, die Ihnen gefallen werden!<\/span><\/p>\n<p style=\"text-align: center;\"><span style=\"font-weight: 400;\">Ob Spazierg\u00e4nge im Wald, ein Geschenk im Zimmer f\u00fcr eine unvergessliche Ankunft, Dekoration f\u00fcr einen Geburtstag oder einen Heiratsantrag \u2013 unser Team steht Ihnen gerne zur Verf\u00fcgung! Kontaktieren Sie uns, um im Les Jardins de Sophie einen magischen Moment zu kreieren.<\/span><\/p>\n","protected":false},"excerpt":{"rendered":"<p>Unser Concierge-Service, der von unserem Rezeptionsteam geleitet wird, bietet ma\u00dfgeschneiderte Dienstleistungen an, die Ihnen gefallen werden! Ob Spazierg\u00e4nge im Wald, ein Geschenk im Zimmer f\u00fcr eine unvergessliche Ankunft, Dekoration f\u00fcr einen Geburtstag oder einen Heiratsantrag \u2013 unser Team steht Ihnen gerne zur Verf\u00fcgung! Kontaktieren Sie uns, um im Les Jardins de Sophie einen magischen Moment [&hellip;]<\/p>\n","protected":false},"author":46,"featured_media":0,"parent":239,"menu_order":340,"comment_status":"closed","ping_status":"closed","template":"template-single-service.php","meta":{"footnotes":""},"class_list":["post-243","page","type-page","status-publish","hentry"],"yoast_head":"<!-- This site is optimized with the Yoast SEO plugin v26.9 - https:\/\/yoast.com\/product\/yoast-seo-wordpress\/ -->\n<title>Concierge<\/title>\n<meta name=\"description\" content=\"Service de conciergerie pour toutes vos demandes exceptionnelles.Concierge-Service f\u00fcr alle Ihre au\u00dfergew\u00f6hnlichen Anliegen\" \/>\n<meta name=\"robots\" content=\"index, follow, max-snippet:-1, max-image-preview:large, max-video-preview:-1\" \/>\n<link rel=\"canonical\" href=\"https:\/\/www.hotel-jardins-sophie.fr\/de\/serviceleistungen-und-ausstattungen\/conciergerie\/\" \/>\n<meta property=\"og:locale\" content=\"de_DE\" \/>\n<meta property=\"og:type\" content=\"article\" \/>\n<meta property=\"og:title\" content=\"Concierge\" \/>\n<meta property=\"og:description\" content=\"Service de conciergerie pour toutes vos demandes exceptionnelles.Concierge-Service f\u00fcr alle Ihre au\u00dfergew\u00f6hnlichen Anliegen\" \/>\n<meta property=\"og:url\" content=\"https:\/\/www.hotel-jardins-sophie.fr\/de\/serviceleistungen-und-ausstattungen\/conciergerie\/\" \/>\n<meta property=\"og:site_name\" content=\"Les Jardins de Sophie\" \/>\n<meta property=\"article:modified_time\" content=\"2023-01-09T12:03:23+00:00\" \/>\n<meta name=\"twitter:card\" content=\"summary_large_image\" \/>\n<meta name=\"twitter:label1\" content=\"Gesch\u00e4tzte Lesezeit\" \/>\n\t<meta name=\"twitter:data1\" content=\"1 Minute\" \/>\n<script type=\"application\/ld+json\" class=\"yoast-schema-graph\">{\"@context\":\"https:\/\/schema.org\",\"@graph\":[{\"@type\":\"WebPage\",\"@id\":\"https:\/\/www.hotel-jardins-sophie.fr\/de\/serviceleistungen-und-ausstattungen\/conciergerie\/\",\"url\":\"https:\/\/www.hotel-jardins-sophie.fr\/de\/serviceleistungen-und-ausstattungen\/conciergerie\/\",\"name\":\"Concierge\",\"isPartOf\":{\"@id\":\"https:\/\/www.hotel-jardins-sophie.fr\/de\/#website\"},\"datePublished\":\"2022-11-09T13:17:43+00:00\",\"dateModified\":\"2023-01-09T12:03:23+00:00\",\"description\":\"Service de conciergerie pour toutes vos demandes exceptionnelles.Concierge-Service f\u00fcr alle Ihre au\u00dfergew\u00f6hnlichen Anliegen\",\"breadcrumb\":{\"@id\":\"https:\/\/www.hotel-jardins-sophie.fr\/de\/serviceleistungen-und-ausstattungen\/conciergerie\/#breadcrumb\"},\"inLanguage\":\"de-DE\",\"potentialAction\":[{\"@type\":\"ReadAction\",\"target\":[\"https:\/\/www.hotel-jardins-sophie.fr\/de\/serviceleistungen-und-ausstattungen\/conciergerie\/\"]}]},{\"@type\":\"BreadcrumbList\",\"@id\":\"https:\/\/www.hotel-jardins-sophie.fr\/de\/serviceleistungen-und-ausstattungen\/conciergerie\/#breadcrumb\",\"itemListElement\":[{\"@type\":\"ListItem\",\"position\":1,\"name\":\"Home\",\"item\":\"https:\/\/www.hotel-jardins-sophie.fr\/de\/\"},{\"@type\":\"ListItem\",\"position\":2,\"name\":\"Serviceleistungen und Ausstattungen\",\"item\":\"https:\/\/www.hotel-jardins-sophie.fr\/de\/serviceleistungen-und-ausstattungen\/\"},{\"@type\":\"ListItem\",\"position\":3,\"name\":\"Conciergerie\"}]},{\"@type\":\"WebSite\",\"@id\":\"https:\/\/www.hotel-jardins-sophie.fr\/de\/#website\",\"url\":\"https:\/\/www.hotel-jardins-sophie.fr\/de\/\",\"name\":\"Les Jardins de Sophie\",\"description\":\"\",\"potentialAction\":[{\"@type\":\"SearchAction\",\"target\":{\"@type\":\"EntryPoint\",\"urlTemplate\":\"https:\/\/www.hotel-jardins-sophie.fr\/de\/?s={search_term_string}\"},\"query-input\":{\"@type\":\"PropertyValueSpecification\",\"valueRequired\":true,\"valueName\":\"search_term_string\"}}],\"inLanguage\":\"de-DE\"}]}<\/script>\n<!-- \/ Yoast SEO plugin. -->","yoast_head_json":{"title":"Concierge","description":"Service de conciergerie pour toutes vos demandes exceptionnelles.Concierge-Service f\u00fcr alle Ihre au\u00dfergew\u00f6hnlichen Anliegen","robots":{"index":"index","follow":"follow","max-snippet":"max-snippet:-1","max-image-preview":"max-image-preview:large","max-video-preview":"max-video-preview:-1"},"canonical":"https:\/\/www.hotel-jardins-sophie.fr\/de\/serviceleistungen-und-ausstattungen\/conciergerie\/","og_locale":"de_DE","og_type":"article","og_title":"Concierge","og_description":"Service de conciergerie pour toutes vos demandes exceptionnelles.Concierge-Service f\u00fcr alle Ihre au\u00dfergew\u00f6hnlichen Anliegen","og_url":"https:\/\/www.hotel-jardins-sophie.fr\/de\/serviceleistungen-und-ausstattungen\/conciergerie\/","og_site_name":"Les Jardins de Sophie","article_modified_time":"2023-01-09T12:03:23+00:00","twitter_card":"summary_large_image","twitter_misc":{"Gesch\u00e4tzte Lesezeit":"1 Minute"},"schema":{"@context":"https:\/\/schema.org","@graph":[{"@type":"WebPage","@id":"https:\/\/www.hotel-jardins-sophie.fr\/de\/serviceleistungen-und-ausstattungen\/conciergerie\/","url":"https:\/\/www.hotel-jardins-sophie.fr\/de\/serviceleistungen-und-ausstattungen\/conciergerie\/","name":"Concierge","isPartOf":{"@id":"https:\/\/www.hotel-jardins-sophie.fr\/de\/#website"},"datePublished":"2022-11-09T13:17:43+00:00","dateModified":"2023-01-09T12:03:23+00:00","description":"Service de conciergerie pour toutes vos demandes exceptionnelles.Concierge-Service f\u00fcr alle Ihre au\u00dfergew\u00f6hnlichen Anliegen","breadcrumb":{"@id":"https:\/\/www.hotel-jardins-sophie.fr\/de\/serviceleistungen-und-ausstattungen\/conciergerie\/#breadcrumb"},"inLanguage":"de-DE","potentialAction":[{"@type":"ReadAction","target":["https:\/\/www.hotel-jardins-sophie.fr\/de\/serviceleistungen-und-ausstattungen\/conciergerie\/"]}]},{"@type":"BreadcrumbList","@id":"https:\/\/www.hotel-jardins-sophie.fr\/de\/serviceleistungen-und-ausstattungen\/conciergerie\/#breadcrumb","itemListElement":[{"@type":"ListItem","position":1,"name":"Home","item":"https:\/\/www.hotel-jardins-sophie.fr\/de\/"},{"@type":"ListItem","position":2,"name":"Serviceleistungen und Ausstattungen","item":"https:\/\/www.hotel-jardins-sophie.fr\/de\/serviceleistungen-und-ausstattungen\/"},{"@type":"ListItem","position":3,"name":"Conciergerie"}]},{"@type":"WebSite","@id":"https:\/\/www.hotel-jardins-sophie.fr\/de\/#website","url":"https:\/\/www.hotel-jardins-sophie.fr\/de\/","name":"Les Jardins de Sophie","description":"","potentialAction":[{"@type":"SearchAction","target":{"@type":"EntryPoint","urlTemplate":"https:\/\/www.hotel-jardins-sophie.fr\/de\/?s={search_term_string}"},"query-input":{"@type":"PropertyValueSpecification","valueRequired":true,"valueName":"search_term_string"}}],"inLanguage":"de-DE"}]}},"acf":[],"_links":{"self":[{"href":"https:\/\/www.hotel-jardins-sophie.fr\/de\/wp-json\/wp\/v2\/pages\/243","targetHints":{"allow":["GET"]}}],"collection":[{"href":"https:\/\/www.hotel-jardins-sophie.fr\/de\/wp-json\/wp\/v2\/pages"}],"about":[{"href":"https:\/\/www.hotel-jardins-sophie.fr\/de\/wp-json\/wp\/v2\/types\/page"}],"author":[{"embeddable":true,"href":"https:\/\/www.hotel-jardins-sophie.fr\/de\/wp-json\/wp\/v2\/users\/46"}],"replies":[{"embeddable":true,"href":"https:\/\/www.hotel-jardins-sophie.fr\/de\/wp-json\/wp\/v2\/comments?post=243"}],"version-history":[{"count":0,"href":"https:\/\/www.hotel-jardins-sophie.fr\/de\/wp-json\/wp\/v2\/pages\/243\/revisions"}],"up":[{"embeddable":true,"href":"https:\/\/www.hotel-jardins-sophie.fr\/de\/wp-json\/wp\/v2\/pages\/239"}],"wp:attachment":[{"href":"https:\/\/www.hotel-jardins-sophie.fr\/de\/wp-json\/wp\/v2\/media?parent=243"}],"curies":[{"name":"wp","href":"https:\/\/api.w.org\/{rel}","templated":true}]}}