{"id":244,"date":"2022-11-09T13:18:12","date_gmt":"2022-11-09T13:18:12","guid":{"rendered":"https:\/\/www.hotel-jardins-sophie.fr\/un-chef-dans-les-vosges-parmi-les-plus-grands\/"},"modified":"2026-04-09T19:08:59","modified_gmt":"2026-04-09T19:08:59","slug":"ein-chefkoch-in-den-vogesen-unter-den-groessten","status":"publish","type":"page","link":"https:\/\/www.hotel-jardins-sophie.fr\/de\/ein-chefkoch-in-den-vogesen-unter-den-groessten\/","title":{"rendered":"Ein chefkoch in den vogesen unter den gr\u00f6ssten"},"content":{"rendered":"<p style=\"text-align: center\">Unser Chefkoch Morgan legt gro\u00dfen Wert auf die Verwendung von nat\u00fcrlichen Produkten, die von lokalen Erzeugern (Vogesen, Lothringen, Elsass) geliefert werden. Er erfindet und formt eine gehobene K\u00fcche, die immer authentisch bleibt.<\/p>\n<p style=\"text-align: center\">Das Gourmetrestaurant Les Jardins de Sophie bietet saisonale Gerichte in einem ged\u00e4mpften und raffinierten Rahmen. Der Saal ist an sch\u00f6nen Tagen sehr hell und \u00f6ffnet sich zu einer sch\u00f6nen Terrasse, die in der Saison ge\u00f6ffnet ist und die Domaine de la Moineaudi\u00e8re und das Tal \u00fcberblickt.<\/p>\n<p style=\"text-align: center\">Sie k\u00f6nnen unsere Speisekarte konsultieren, um sich \u00fcber die Men\u00fcs zu informieren, die sich je nach lokalen und saisonalen Produkten \u00e4ndern. Unser Chefkoch passt seine Vorschl\u00e4ge Ihren W\u00fcnschen an.<\/p>\n","protected":false},"excerpt":{"rendered":"<p>Unser Chefkoch Morgan legt gro\u00dfen Wert auf die Verwendung von nat\u00fcrlichen Produkten, die von lokalen Erzeugern (Vogesen, Lothringen, Elsass) geliefert werden. Er erfindet und formt eine gehobene K\u00fcche, die immer authentisch bleibt. Das Gourmetrestaurant Les Jardins de Sophie bietet saisonale Gerichte in einem ged\u00e4mpften und raffinierten Rahmen. Der Saal ist an sch\u00f6nen Tagen sehr hell [&hellip;]<\/p>\n","protected":false},"author":46,"featured_media":0,"parent":0,"menu_order":40,"comment_status":"closed","ping_status":"closed","template":"template-single-restaurant.php","meta":{"footnotes":""},"class_list":["post-244","page","type-page","status-publish","hentry"],"yoast_head":"<!-- This site is optimized with the Yoast SEO plugin v26.9 - https:\/\/yoast.com\/product\/yoast-seo-wordpress\/ -->\n<title>Gourmet-Restaurant Franz\u00f6sische K\u00fcche Men\u00fcs Vosges<\/title>\n<meta name=\"description\" content=\"Gourmet-Restaurant franz\u00f6sische K\u00fcche Vogesen Chefkoch saisonale Produkte Sommelier Weine.\" \/>\n<meta name=\"robots\" content=\"index, follow, max-snippet:-1, max-image-preview:large, max-video-preview:-1\" \/>\n<link rel=\"canonical\" href=\"https:\/\/www.hotel-jardins-sophie.fr\/de\/ein-chefkoch-in-den-vogesen-unter-den-groessten\/\" \/>\n<meta property=\"og:locale\" content=\"de_DE\" \/>\n<meta property=\"og:type\" content=\"article\" \/>\n<meta property=\"og:title\" content=\"Gourmet-Restaurant Franz\u00f6sische K\u00fcche Men\u00fcs Vosges\" \/>\n<meta property=\"og:description\" content=\"Gourmet-Restaurant franz\u00f6sische K\u00fcche Vogesen Chefkoch saisonale Produkte Sommelier Weine.\" \/>\n<meta property=\"og:url\" content=\"https:\/\/www.hotel-jardins-sophie.fr\/de\/ein-chefkoch-in-den-vogesen-unter-den-groessten\/\" \/>\n<meta property=\"og:site_name\" content=\"Les Jardins de Sophie\" \/>\n<meta property=\"article:modified_time\" content=\"2026-04-09T19:08:59+00:00\" \/>\n<meta name=\"twitter:card\" content=\"summary_large_image\" \/>\n<meta name=\"twitter:label1\" content=\"Gesch\u00e4tzte Lesezeit\" \/>\n\t<meta name=\"twitter:data1\" content=\"1 Minute\" \/>\n<script type=\"application\/ld+json\" class=\"yoast-schema-graph\">{\"@context\":\"https:\/\/schema.org\",\"@graph\":[{\"@type\":\"WebPage\",\"@id\":\"https:\/\/www.hotel-jardins-sophie.fr\/de\/ein-chefkoch-in-den-vogesen-unter-den-groessten\/\",\"url\":\"https:\/\/www.hotel-jardins-sophie.fr\/de\/ein-chefkoch-in-den-vogesen-unter-den-groessten\/\",\"name\":\"Gourmet-Restaurant Franz\u00f6sische K\u00fcche Men\u00fcs Vosges\",\"isPartOf\":{\"@id\":\"https:\/\/www.hotel-jardins-sophie.fr\/de\/#website\"},\"datePublished\":\"2022-11-09T13:18:12+00:00\",\"dateModified\":\"2026-04-09T19:08:59+00:00\",\"description\":\"Gourmet-Restaurant franz\u00f6sische K\u00fcche Vogesen Chefkoch saisonale Produkte Sommelier Weine.\",\"breadcrumb\":{\"@id\":\"https:\/\/www.hotel-jardins-sophie.fr\/de\/ein-chefkoch-in-den-vogesen-unter-den-groessten\/#breadcrumb\"},\"inLanguage\":\"de-DE\",\"potentialAction\":[{\"@type\":\"ReadAction\",\"target\":[\"https:\/\/www.hotel-jardins-sophie.fr\/de\/ein-chefkoch-in-den-vogesen-unter-den-groessten\/\"]}]},{\"@type\":\"BreadcrumbList\",\"@id\":\"https:\/\/www.hotel-jardins-sophie.fr\/de\/ein-chefkoch-in-den-vogesen-unter-den-groessten\/#breadcrumb\",\"itemListElement\":[{\"@type\":\"ListItem\",\"position\":1,\"name\":\"Home\",\"item\":\"https:\/\/www.hotel-jardins-sophie.fr\/de\/\"},{\"@type\":\"ListItem\",\"position\":2,\"name\":\"Ein chefkoch in den vogesen unter den gr\u00f6ssten\"}]},{\"@type\":\"WebSite\",\"@id\":\"https:\/\/www.hotel-jardins-sophie.fr\/de\/#website\",\"url\":\"https:\/\/www.hotel-jardins-sophie.fr\/de\/\",\"name\":\"Les Jardins de Sophie\",\"description\":\"\",\"potentialAction\":[{\"@type\":\"SearchAction\",\"target\":{\"@type\":\"EntryPoint\",\"urlTemplate\":\"https:\/\/www.hotel-jardins-sophie.fr\/de\/?s={search_term_string}\"},\"query-input\":{\"@type\":\"PropertyValueSpecification\",\"valueRequired\":true,\"valueName\":\"search_term_string\"}}],\"inLanguage\":\"de-DE\"}]}<\/script>\n<!-- \/ Yoast SEO plugin. -->","yoast_head_json":{"title":"Gourmet-Restaurant Franz\u00f6sische K\u00fcche Men\u00fcs Vosges","description":"Gourmet-Restaurant franz\u00f6sische K\u00fcche Vogesen Chefkoch saisonale Produkte Sommelier Weine.","robots":{"index":"index","follow":"follow","max-snippet":"max-snippet:-1","max-image-preview":"max-image-preview:large","max-video-preview":"max-video-preview:-1"},"canonical":"https:\/\/www.hotel-jardins-sophie.fr\/de\/ein-chefkoch-in-den-vogesen-unter-den-groessten\/","og_locale":"de_DE","og_type":"article","og_title":"Gourmet-Restaurant Franz\u00f6sische K\u00fcche Men\u00fcs Vosges","og_description":"Gourmet-Restaurant franz\u00f6sische K\u00fcche Vogesen Chefkoch saisonale Produkte Sommelier Weine.","og_url":"https:\/\/www.hotel-jardins-sophie.fr\/de\/ein-chefkoch-in-den-vogesen-unter-den-groessten\/","og_site_name":"Les Jardins de Sophie","article_modified_time":"2026-04-09T19:08:59+00:00","twitter_card":"summary_large_image","twitter_misc":{"Gesch\u00e4tzte Lesezeit":"1 Minute"},"schema":{"@context":"https:\/\/schema.org","@graph":[{"@type":"WebPage","@id":"https:\/\/www.hotel-jardins-sophie.fr\/de\/ein-chefkoch-in-den-vogesen-unter-den-groessten\/","url":"https:\/\/www.hotel-jardins-sophie.fr\/de\/ein-chefkoch-in-den-vogesen-unter-den-groessten\/","name":"Gourmet-Restaurant Franz\u00f6sische K\u00fcche Men\u00fcs Vosges","isPartOf":{"@id":"https:\/\/www.hotel-jardins-sophie.fr\/de\/#website"},"datePublished":"2022-11-09T13:18:12+00:00","dateModified":"2026-04-09T19:08:59+00:00","description":"Gourmet-Restaurant franz\u00f6sische K\u00fcche Vogesen Chefkoch saisonale Produkte Sommelier Weine.","breadcrumb":{"@id":"https:\/\/www.hotel-jardins-sophie.fr\/de\/ein-chefkoch-in-den-vogesen-unter-den-groessten\/#breadcrumb"},"inLanguage":"de-DE","potentialAction":[{"@type":"ReadAction","target":["https:\/\/www.hotel-jardins-sophie.fr\/de\/ein-chefkoch-in-den-vogesen-unter-den-groessten\/"]}]},{"@type":"BreadcrumbList","@id":"https:\/\/www.hotel-jardins-sophie.fr\/de\/ein-chefkoch-in-den-vogesen-unter-den-groessten\/#breadcrumb","itemListElement":[{"@type":"ListItem","position":1,"name":"Home","item":"https:\/\/www.hotel-jardins-sophie.fr\/de\/"},{"@type":"ListItem","position":2,"name":"Ein chefkoch in den vogesen unter den gr\u00f6ssten"}]},{"@type":"WebSite","@id":"https:\/\/www.hotel-jardins-sophie.fr\/de\/#website","url":"https:\/\/www.hotel-jardins-sophie.fr\/de\/","name":"Les Jardins de Sophie","description":"","potentialAction":[{"@type":"SearchAction","target":{"@type":"EntryPoint","urlTemplate":"https:\/\/www.hotel-jardins-sophie.fr\/de\/?s={search_term_string}"},"query-input":{"@type":"PropertyValueSpecification","valueRequired":true,"valueName":"search_term_string"}}],"inLanguage":"de-DE"}]}},"acf":[],"_links":{"self":[{"href":"https:\/\/www.hotel-jardins-sophie.fr\/de\/wp-json\/wp\/v2\/pages\/244","targetHints":{"allow":["GET"]}}],"collection":[{"href":"https:\/\/www.hotel-jardins-sophie.fr\/de\/wp-json\/wp\/v2\/pages"}],"about":[{"href":"https:\/\/www.hotel-jardins-sophie.fr\/de\/wp-json\/wp\/v2\/types\/page"}],"author":[{"embeddable":true,"href":"https:\/\/www.hotel-jardins-sophie.fr\/de\/wp-json\/wp\/v2\/users\/46"}],"replies":[{"embeddable":true,"href":"https:\/\/www.hotel-jardins-sophie.fr\/de\/wp-json\/wp\/v2\/comments?post=244"}],"version-history":[{"count":0,"href":"https:\/\/www.hotel-jardins-sophie.fr\/de\/wp-json\/wp\/v2\/pages\/244\/revisions"}],"wp:attachment":[{"href":"https:\/\/www.hotel-jardins-sophie.fr\/de\/wp-json\/wp\/v2\/media?parent=244"}],"curies":[{"name":"wp","href":"https:\/\/api.w.org\/{rel}","templated":true}]}}