{"id":245,"date":"2022-11-09T13:18:50","date_gmt":"2022-11-09T13:18:50","guid":{"rendered":"https:\/\/www.hotel-jardins-sophie.fr\/nos-seminaires\/"},"modified":"2025-02-21T16:30:12","modified_gmt":"2025-02-21T16:30:12","slug":"unsere-seminare","status":"publish","type":"page","link":"https:\/\/www.hotel-jardins-sophie.fr\/de\/unsere-seminare\/","title":{"rendered":"Unsere seminare"},"content":{"rendered":"<p style=\"text-align: center\"><span style=\"font-weight: 400\">Wir organisieren Ihre Seminare und prestigetr\u00e4chtigen Gesch\u00e4ftstreffen in einer au\u00dfergew\u00f6hnlichen Umgebung zwischen Bergen und Vogesenwald im Les Jardins de Sophie.<\/span><\/p>\n<p style=\"text-align: center\"><span style=\"font-weight: 400\">Wir verf\u00fcgen \u00fcber ein Seminarzentrum 50 Meter unterhalb des Hotels. Der Komplex umfasst 3 Seminarr\u00e4ume von 20 bis 110 Quadratmetern, die gut schallisoliert und mit dimmbarer Beleuchtung ausgestattet sind und Ihnen eine sehr angenehme Arbeitsumgebung bei Tageslicht bieten. Sie verf\u00fcgen \u00fcber modernste leistungsstarke technische Einrichtungen. Unsere kaufm\u00e4nnische Mitarbeiterin steht Ihnen jederzeit zur Verf\u00fcgung, um Ihre n\u00e4chsten Besuche individuell zu organisieren. Sie k\u00f6nnen auch unsere Restaurant f\u00fcr Ihre Mahlzeiten nutzen.<\/span><\/p>\n","protected":false},"excerpt":{"rendered":"<p>Wir organisieren Ihre Seminare und prestigetr\u00e4chtigen Gesch\u00e4ftstreffen in einer au\u00dfergew\u00f6hnlichen Umgebung zwischen Bergen und Vogesenwald im Les Jardins de Sophie. Wir verf\u00fcgen \u00fcber ein Seminarzentrum 50 Meter unterhalb des Hotels. Der Komplex umfasst 3 Seminarr\u00e4ume von 20 bis 110 Quadratmetern, die gut schallisoliert und mit dimmbarer Beleuchtung ausgestattet sind und Ihnen eine sehr angenehme Arbeitsumgebung [&hellip;]<\/p>\n","protected":false},"author":46,"featured_media":0,"parent":0,"menu_order":50,"comment_status":"closed","ping_status":"closed","template":"template-meeting.php","meta":{"footnotes":""},"class_list":["post-245","page","type-page","status-publish","hentry"],"yoast_head":"<!-- This site is optimized with the Yoast SEO plugin v26.9 - https:\/\/yoast.com\/product\/yoast-seo-wordpress\/ -->\n<title>Seminar Sitzung Veranstaltung in den Vogesen<\/title>\n<meta name=\"description\" content=\"Seminar Sitzung Veranstaltung Tagesseminar in den Vogesen f\u00fcr Unternehmen Hochzeiten Familienfeiern im Herzen der Vogesen Zimmer und S\u00e4le.\" \/>\n<meta name=\"robots\" content=\"index, follow, max-snippet:-1, max-image-preview:large, max-video-preview:-1\" \/>\n<link rel=\"canonical\" href=\"https:\/\/www.hotel-jardins-sophie.fr\/de\/unsere-seminare\/\" \/>\n<meta property=\"og:locale\" content=\"de_DE\" \/>\n<meta property=\"og:type\" content=\"article\" \/>\n<meta property=\"og:title\" content=\"Seminar Sitzung Veranstaltung in den Vogesen\" \/>\n<meta property=\"og:description\" content=\"Seminar Sitzung Veranstaltung Tagesseminar in den Vogesen f\u00fcr Unternehmen Hochzeiten Familienfeiern im Herzen der Vogesen Zimmer und S\u00e4le.\" \/>\n<meta property=\"og:url\" content=\"https:\/\/www.hotel-jardins-sophie.fr\/de\/unsere-seminare\/\" \/>\n<meta property=\"og:site_name\" content=\"Les Jardins de Sophie\" \/>\n<meta property=\"article:modified_time\" content=\"2025-02-21T16:30:12+00:00\" \/>\n<meta name=\"twitter:card\" content=\"summary_large_image\" \/>\n<meta name=\"twitter:label1\" content=\"Gesch\u00e4tzte Lesezeit\" \/>\n\t<meta name=\"twitter:data1\" content=\"1 Minute\" \/>\n<script type=\"application\/ld+json\" class=\"yoast-schema-graph\">{\"@context\":\"https:\/\/schema.org\",\"@graph\":[{\"@type\":\"WebPage\",\"@id\":\"https:\/\/www.hotel-jardins-sophie.fr\/de\/unsere-seminare\/\",\"url\":\"https:\/\/www.hotel-jardins-sophie.fr\/de\/unsere-seminare\/\",\"name\":\"Seminar Sitzung Veranstaltung in den Vogesen\",\"isPartOf\":{\"@id\":\"https:\/\/www.hotel-jardins-sophie.fr\/de\/#website\"},\"datePublished\":\"2022-11-09T13:18:50+00:00\",\"dateModified\":\"2025-02-21T16:30:12+00:00\",\"description\":\"Seminar Sitzung Veranstaltung Tagesseminar in den Vogesen f\u00fcr Unternehmen Hochzeiten Familienfeiern im Herzen der Vogesen Zimmer und S\u00e4le.\",\"breadcrumb\":{\"@id\":\"https:\/\/www.hotel-jardins-sophie.fr\/de\/unsere-seminare\/#breadcrumb\"},\"inLanguage\":\"de-DE\",\"potentialAction\":[{\"@type\":\"ReadAction\",\"target\":[\"https:\/\/www.hotel-jardins-sophie.fr\/de\/unsere-seminare\/\"]}]},{\"@type\":\"BreadcrumbList\",\"@id\":\"https:\/\/www.hotel-jardins-sophie.fr\/de\/unsere-seminare\/#breadcrumb\",\"itemListElement\":[{\"@type\":\"ListItem\",\"position\":1,\"name\":\"Home\",\"item\":\"https:\/\/www.hotel-jardins-sophie.fr\/de\/\"},{\"@type\":\"ListItem\",\"position\":2,\"name\":\"Unsere seminare\"}]},{\"@type\":\"WebSite\",\"@id\":\"https:\/\/www.hotel-jardins-sophie.fr\/de\/#website\",\"url\":\"https:\/\/www.hotel-jardins-sophie.fr\/de\/\",\"name\":\"Les Jardins de Sophie\",\"description\":\"\",\"potentialAction\":[{\"@type\":\"SearchAction\",\"target\":{\"@type\":\"EntryPoint\",\"urlTemplate\":\"https:\/\/www.hotel-jardins-sophie.fr\/de\/?s={search_term_string}\"},\"query-input\":{\"@type\":\"PropertyValueSpecification\",\"valueRequired\":true,\"valueName\":\"search_term_string\"}}],\"inLanguage\":\"de-DE\"}]}<\/script>\n<!-- \/ Yoast SEO plugin. -->","yoast_head_json":{"title":"Seminar Sitzung Veranstaltung in den Vogesen","description":"Seminar Sitzung Veranstaltung Tagesseminar in den Vogesen f\u00fcr Unternehmen Hochzeiten Familienfeiern im Herzen der Vogesen Zimmer und S\u00e4le.","robots":{"index":"index","follow":"follow","max-snippet":"max-snippet:-1","max-image-preview":"max-image-preview:large","max-video-preview":"max-video-preview:-1"},"canonical":"https:\/\/www.hotel-jardins-sophie.fr\/de\/unsere-seminare\/","og_locale":"de_DE","og_type":"article","og_title":"Seminar Sitzung Veranstaltung in den Vogesen","og_description":"Seminar Sitzung Veranstaltung Tagesseminar in den Vogesen f\u00fcr Unternehmen Hochzeiten Familienfeiern im Herzen der Vogesen Zimmer und S\u00e4le.","og_url":"https:\/\/www.hotel-jardins-sophie.fr\/de\/unsere-seminare\/","og_site_name":"Les Jardins de Sophie","article_modified_time":"2025-02-21T16:30:12+00:00","twitter_card":"summary_large_image","twitter_misc":{"Gesch\u00e4tzte Lesezeit":"1 Minute"},"schema":{"@context":"https:\/\/schema.org","@graph":[{"@type":"WebPage","@id":"https:\/\/www.hotel-jardins-sophie.fr\/de\/unsere-seminare\/","url":"https:\/\/www.hotel-jardins-sophie.fr\/de\/unsere-seminare\/","name":"Seminar Sitzung Veranstaltung in den Vogesen","isPartOf":{"@id":"https:\/\/www.hotel-jardins-sophie.fr\/de\/#website"},"datePublished":"2022-11-09T13:18:50+00:00","dateModified":"2025-02-21T16:30:12+00:00","description":"Seminar Sitzung Veranstaltung Tagesseminar in den Vogesen f\u00fcr Unternehmen Hochzeiten Familienfeiern im Herzen der Vogesen Zimmer und S\u00e4le.","breadcrumb":{"@id":"https:\/\/www.hotel-jardins-sophie.fr\/de\/unsere-seminare\/#breadcrumb"},"inLanguage":"de-DE","potentialAction":[{"@type":"ReadAction","target":["https:\/\/www.hotel-jardins-sophie.fr\/de\/unsere-seminare\/"]}]},{"@type":"BreadcrumbList","@id":"https:\/\/www.hotel-jardins-sophie.fr\/de\/unsere-seminare\/#breadcrumb","itemListElement":[{"@type":"ListItem","position":1,"name":"Home","item":"https:\/\/www.hotel-jardins-sophie.fr\/de\/"},{"@type":"ListItem","position":2,"name":"Unsere seminare"}]},{"@type":"WebSite","@id":"https:\/\/www.hotel-jardins-sophie.fr\/de\/#website","url":"https:\/\/www.hotel-jardins-sophie.fr\/de\/","name":"Les Jardins de Sophie","description":"","potentialAction":[{"@type":"SearchAction","target":{"@type":"EntryPoint","urlTemplate":"https:\/\/www.hotel-jardins-sophie.fr\/de\/?s={search_term_string}"},"query-input":{"@type":"PropertyValueSpecification","valueRequired":true,"valueName":"search_term_string"}}],"inLanguage":"de-DE"}]}},"acf":[],"_links":{"self":[{"href":"https:\/\/www.hotel-jardins-sophie.fr\/de\/wp-json\/wp\/v2\/pages\/245","targetHints":{"allow":["GET"]}}],"collection":[{"href":"https:\/\/www.hotel-jardins-sophie.fr\/de\/wp-json\/wp\/v2\/pages"}],"about":[{"href":"https:\/\/www.hotel-jardins-sophie.fr\/de\/wp-json\/wp\/v2\/types\/page"}],"author":[{"embeddable":true,"href":"https:\/\/www.hotel-jardins-sophie.fr\/de\/wp-json\/wp\/v2\/users\/46"}],"replies":[{"embeddable":true,"href":"https:\/\/www.hotel-jardins-sophie.fr\/de\/wp-json\/wp\/v2\/comments?post=245"}],"version-history":[{"count":0,"href":"https:\/\/www.hotel-jardins-sophie.fr\/de\/wp-json\/wp\/v2\/pages\/245\/revisions"}],"wp:attachment":[{"href":"https:\/\/www.hotel-jardins-sophie.fr\/de\/wp-json\/wp\/v2\/media?parent=245"}],"curies":[{"name":"wp","href":"https:\/\/api.w.org\/{rel}","templated":true}]}}