{"id":246,"date":"2022-11-09T13:19:35","date_gmt":"2022-11-09T13:19:35","guid":{"rendered":"https:\/\/www.hotel-jardins-sophie.fr\/spa-et-detente\/"},"modified":"2026-01-16T18:32:16","modified_gmt":"2026-01-16T18:32:16","slug":"spa-und-entspannung","status":"publish","type":"page","link":"https:\/\/www.hotel-jardins-sophie.fr\/de\/spa-und-entspannung\/","title":{"rendered":"Spa und entspannung"},"content":{"rendered":"<p style=\"text-align: center\"><span style=\"font-weight: 400\">Der Spa-Bereich des Hotels Les Jardins de Sophie besteht aus Wellness-R\u00e4umen und einem Sch\u00f6nheitssalon (kosmetische Behandlungen). Der Wellnessbereich des Hotels, das sich perfekt in die Natur der Vogesen einf\u00fcgt, ist \u00fcber einen \u00fcberdachten Weg im Freien zug\u00e4nglich (bitte tragen Sie warme und bequeme Winterkleidung).<\/span><\/p>\n<p style=\"text-align: center\"><span style=\"font-weight: 400\">Unser Spa-Bereich ist vor allem ein Ort der Entspannung und des Wohlbefindens und hat den bescheidenen Wunsch, w\u00e4hrend Ihres gesamten Urlaubs oder Wochenendes in den Vogesen zu Ihrer Entspannung beizutragen. Der Begriff \u201eSpa\u201c hat viele verschiedene Definitionen. Um den vielf\u00e4ltigen Erwartungen unserer Kunden gerecht zu werden, haben wir uns bem\u00fcht, Ihnen eine Vielzahl von Annehmlichkeiten anzubieten.<\/span><\/p>\n","protected":false},"excerpt":{"rendered":"<p>Der Spa-Bereich des Hotels Les Jardins de Sophie besteht aus Wellness-R\u00e4umen und einem Sch\u00f6nheitssalon (kosmetische Behandlungen). Der Wellnessbereich des Hotels, das sich perfekt in die Natur der Vogesen einf\u00fcgt, ist \u00fcber einen \u00fcberdachten Weg im Freien zug\u00e4nglich (bitte tragen Sie warme und bequeme Winterkleidung). Unser Spa-Bereich ist vor allem ein Ort der Entspannung und des [&hellip;]<\/p>\n","protected":false},"author":46,"featured_media":0,"parent":0,"menu_order":60,"comment_status":"closed","ping_status":"closed","template":"template-single-spa.php","meta":{"footnotes":""},"class_list":["post-246","page","type-page","status-publish","hentry"],"yoast_head":"<!-- This site is optimized with the Yoast SEO plugin v26.9 - https:\/\/yoast.com\/product\/yoast-seo-wordpress\/ -->\n<title>Spa-Entspannungsbereich in den Vogesen mit Massage<\/title>\n<meta name=\"description\" content=\"Spa-Entspannungsbereich Erholung in den Vogesen Hammam Sauna Whirlpool Massage.\" \/>\n<meta name=\"robots\" content=\"index, follow, max-snippet:-1, max-image-preview:large, max-video-preview:-1\" \/>\n<link rel=\"canonical\" href=\"https:\/\/www.hotel-jardins-sophie.fr\/de\/spa-und-entspannung\/\" \/>\n<meta property=\"og:locale\" content=\"de_DE\" \/>\n<meta property=\"og:type\" content=\"article\" \/>\n<meta property=\"og:title\" content=\"Spa-Entspannungsbereich in den Vogesen mit Massage\" \/>\n<meta property=\"og:description\" content=\"Spa-Entspannungsbereich Erholung in den Vogesen Hammam Sauna Whirlpool Massage.\" \/>\n<meta property=\"og:url\" content=\"https:\/\/www.hotel-jardins-sophie.fr\/de\/spa-und-entspannung\/\" \/>\n<meta property=\"og:site_name\" content=\"Les Jardins de Sophie\" \/>\n<meta property=\"article:modified_time\" content=\"2026-01-16T18:32:16+00:00\" \/>\n<meta name=\"twitter:card\" content=\"summary_large_image\" \/>\n<meta name=\"twitter:label1\" content=\"Gesch\u00e4tzte Lesezeit\" \/>\n\t<meta name=\"twitter:data1\" content=\"1 Minute\" \/>\n<script type=\"application\/ld+json\" class=\"yoast-schema-graph\">{\"@context\":\"https:\/\/schema.org\",\"@graph\":[{\"@type\":\"WebPage\",\"@id\":\"https:\/\/www.hotel-jardins-sophie.fr\/de\/spa-und-entspannung\/\",\"url\":\"https:\/\/www.hotel-jardins-sophie.fr\/de\/spa-und-entspannung\/\",\"name\":\"Spa-Entspannungsbereich in den Vogesen mit Massage\",\"isPartOf\":{\"@id\":\"https:\/\/www.hotel-jardins-sophie.fr\/de\/#website\"},\"datePublished\":\"2022-11-09T13:19:35+00:00\",\"dateModified\":\"2026-01-16T18:32:16+00:00\",\"description\":\"Spa-Entspannungsbereich Erholung in den Vogesen Hammam Sauna Whirlpool Massage.\",\"breadcrumb\":{\"@id\":\"https:\/\/www.hotel-jardins-sophie.fr\/de\/spa-und-entspannung\/#breadcrumb\"},\"inLanguage\":\"de-DE\",\"potentialAction\":[{\"@type\":\"ReadAction\",\"target\":[\"https:\/\/www.hotel-jardins-sophie.fr\/de\/spa-und-entspannung\/\"]}]},{\"@type\":\"BreadcrumbList\",\"@id\":\"https:\/\/www.hotel-jardins-sophie.fr\/de\/spa-und-entspannung\/#breadcrumb\",\"itemListElement\":[{\"@type\":\"ListItem\",\"position\":1,\"name\":\"Home\",\"item\":\"https:\/\/www.hotel-jardins-sophie.fr\/de\/\"},{\"@type\":\"ListItem\",\"position\":2,\"name\":\"Spa und entspannung\"}]},{\"@type\":\"WebSite\",\"@id\":\"https:\/\/www.hotel-jardins-sophie.fr\/de\/#website\",\"url\":\"https:\/\/www.hotel-jardins-sophie.fr\/de\/\",\"name\":\"Les Jardins de Sophie\",\"description\":\"\",\"potentialAction\":[{\"@type\":\"SearchAction\",\"target\":{\"@type\":\"EntryPoint\",\"urlTemplate\":\"https:\/\/www.hotel-jardins-sophie.fr\/de\/?s={search_term_string}\"},\"query-input\":{\"@type\":\"PropertyValueSpecification\",\"valueRequired\":true,\"valueName\":\"search_term_string\"}}],\"inLanguage\":\"de-DE\"}]}<\/script>\n<!-- \/ Yoast SEO plugin. -->","yoast_head_json":{"title":"Spa-Entspannungsbereich in den Vogesen mit Massage","description":"Spa-Entspannungsbereich Erholung in den Vogesen Hammam Sauna Whirlpool Massage.","robots":{"index":"index","follow":"follow","max-snippet":"max-snippet:-1","max-image-preview":"max-image-preview:large","max-video-preview":"max-video-preview:-1"},"canonical":"https:\/\/www.hotel-jardins-sophie.fr\/de\/spa-und-entspannung\/","og_locale":"de_DE","og_type":"article","og_title":"Spa-Entspannungsbereich in den Vogesen mit Massage","og_description":"Spa-Entspannungsbereich Erholung in den Vogesen Hammam Sauna Whirlpool Massage.","og_url":"https:\/\/www.hotel-jardins-sophie.fr\/de\/spa-und-entspannung\/","og_site_name":"Les Jardins de Sophie","article_modified_time":"2026-01-16T18:32:16+00:00","twitter_card":"summary_large_image","twitter_misc":{"Gesch\u00e4tzte Lesezeit":"1 Minute"},"schema":{"@context":"https:\/\/schema.org","@graph":[{"@type":"WebPage","@id":"https:\/\/www.hotel-jardins-sophie.fr\/de\/spa-und-entspannung\/","url":"https:\/\/www.hotel-jardins-sophie.fr\/de\/spa-und-entspannung\/","name":"Spa-Entspannungsbereich in den Vogesen mit Massage","isPartOf":{"@id":"https:\/\/www.hotel-jardins-sophie.fr\/de\/#website"},"datePublished":"2022-11-09T13:19:35+00:00","dateModified":"2026-01-16T18:32:16+00:00","description":"Spa-Entspannungsbereich Erholung in den Vogesen Hammam Sauna Whirlpool Massage.","breadcrumb":{"@id":"https:\/\/www.hotel-jardins-sophie.fr\/de\/spa-und-entspannung\/#breadcrumb"},"inLanguage":"de-DE","potentialAction":[{"@type":"ReadAction","target":["https:\/\/www.hotel-jardins-sophie.fr\/de\/spa-und-entspannung\/"]}]},{"@type":"BreadcrumbList","@id":"https:\/\/www.hotel-jardins-sophie.fr\/de\/spa-und-entspannung\/#breadcrumb","itemListElement":[{"@type":"ListItem","position":1,"name":"Home","item":"https:\/\/www.hotel-jardins-sophie.fr\/de\/"},{"@type":"ListItem","position":2,"name":"Spa und entspannung"}]},{"@type":"WebSite","@id":"https:\/\/www.hotel-jardins-sophie.fr\/de\/#website","url":"https:\/\/www.hotel-jardins-sophie.fr\/de\/","name":"Les Jardins de Sophie","description":"","potentialAction":[{"@type":"SearchAction","target":{"@type":"EntryPoint","urlTemplate":"https:\/\/www.hotel-jardins-sophie.fr\/de\/?s={search_term_string}"},"query-input":{"@type":"PropertyValueSpecification","valueRequired":true,"valueName":"search_term_string"}}],"inLanguage":"de-DE"}]}},"acf":[],"_links":{"self":[{"href":"https:\/\/www.hotel-jardins-sophie.fr\/de\/wp-json\/wp\/v2\/pages\/246","targetHints":{"allow":["GET"]}}],"collection":[{"href":"https:\/\/www.hotel-jardins-sophie.fr\/de\/wp-json\/wp\/v2\/pages"}],"about":[{"href":"https:\/\/www.hotel-jardins-sophie.fr\/de\/wp-json\/wp\/v2\/types\/page"}],"author":[{"embeddable":true,"href":"https:\/\/www.hotel-jardins-sophie.fr\/de\/wp-json\/wp\/v2\/users\/46"}],"replies":[{"embeddable":true,"href":"https:\/\/www.hotel-jardins-sophie.fr\/de\/wp-json\/wp\/v2\/comments?post=246"}],"version-history":[{"count":0,"href":"https:\/\/www.hotel-jardins-sophie.fr\/de\/wp-json\/wp\/v2\/pages\/246\/revisions"}],"wp:attachment":[{"href":"https:\/\/www.hotel-jardins-sophie.fr\/de\/wp-json\/wp\/v2\/media?parent=246"}],"curies":[{"name":"wp","href":"https:\/\/api.w.org\/{rel}","templated":true}]}}