{"id":247,"date":"2022-12-07T14:34:22","date_gmt":"2022-12-07T14:34:22","guid":{"rendered":"https:\/\/www.hotel-jardins-sophie.fr\/nos-formules-spa\/"},"modified":"2025-05-25T08:05:53","modified_gmt":"2025-05-25T08:05:53","slug":"unsere-spa-pakete","status":"publish","type":"page","link":"https:\/\/www.hotel-jardins-sophie.fr\/de\/unsere-spa-pakete\/","title":{"rendered":"Unsere spa-pakete"},"content":{"rendered":"<p style=\"text-align: center\"><span style=\"font-weight: 400\">F\u00fcr Nicht-Hotelg\u00e4ste ist das Spa ebenfalls ge\u00f6ffnet, und wir bieten Ihnen gerne verschiedene Tarife an, damit Sie sich in unserem Wellnessbereich wohlf\u00fchlen und\u00a0 entspannen k\u00f6nnen. Der Zugang ist f\u00fcr Nicht-Hotelg\u00e4ste nur nach vorheriger Reservierung m\u00f6glich. Der Spa-Bereich des Hotels Les Jardins de Sophie besteht aus Wellness-R\u00e4umen und einem Sch\u00f6nheitssalon (kosmetische Behandlungen). Der Zugang zum Spa ist von Montag bis Freitag, au\u00dfer in den Schulferien und an Feiertagen, morgens von 9 bis 13 Uhr oder nachmittags von 13.30 bis 17.30 Uhr ge\u00f6ffnet. Das Hotel stellt Badem\u00e4ntel und Hausschuhe zur Verf\u00fcgung.<\/span><\/p>\n<p style=\"text-align: center\"><span style=\"font-weight: 400\">F\u00fcr Behandlungstermine oder Ausk\u00fcnfte:<\/span><br \/>\nTelefon: <a href=\"tel:03%2029%2063%2037%2011\">03 29 63 37 11<\/a> \/ <a href=\"mailto:spa@jardinsdesophie.fr\">contact@jardinsdesophie.fr<\/a><\/p>\n","protected":false},"excerpt":{"rendered":"<p>F\u00fcr Nicht-Hotelg\u00e4ste ist das Spa ebenfalls ge\u00f6ffnet, und wir bieten Ihnen gerne verschiedene Tarife an, damit Sie sich in unserem Wellnessbereich wohlf\u00fchlen und\u00a0 entspannen k\u00f6nnen. Der Zugang ist f\u00fcr Nicht-Hotelg\u00e4ste nur nach vorheriger Reservierung m\u00f6glich. Der Spa-Bereich des Hotels Les Jardins de Sophie besteht aus Wellness-R\u00e4umen und einem Sch\u00f6nheitssalon (kosmetische Behandlungen). Der Zugang zum Spa [&hellip;]<\/p>\n","protected":false},"author":46,"featured_media":0,"parent":0,"menu_order":65,"comment_status":"closed","ping_status":"closed","template":"","meta":{"footnotes":""},"class_list":["post-247","page","type-page","status-publish","hentry"],"yoast_head":"<!-- This site is optimized with the Yoast SEO plugin v26.9 - https:\/\/yoast.com\/product\/yoast-seo-wordpress\/ -->\n<title>Spa-Tag Entspannungsraum Massage<\/title>\n<meta name=\"description\" content=\"Spa-Entspannungsbereich Erholung Tag Spa Sauna Whirlpool Massage.\" \/>\n<meta name=\"robots\" content=\"index, follow, max-snippet:-1, max-image-preview:large, max-video-preview:-1\" \/>\n<link rel=\"canonical\" href=\"https:\/\/www.hotel-jardins-sophie.fr\/de\/unsere-spa-pakete\/\" \/>\n<meta property=\"og:locale\" content=\"de_DE\" \/>\n<meta property=\"og:type\" content=\"article\" \/>\n<meta property=\"og:title\" content=\"Spa-Tag Entspannungsraum Massage\" \/>\n<meta property=\"og:description\" content=\"Spa-Entspannungsbereich Erholung Tag Spa Sauna Whirlpool Massage.\" \/>\n<meta property=\"og:url\" content=\"https:\/\/www.hotel-jardins-sophie.fr\/de\/unsere-spa-pakete\/\" \/>\n<meta property=\"og:site_name\" content=\"Les Jardins de Sophie\" \/>\n<meta property=\"article:modified_time\" content=\"2025-05-25T08:05:53+00:00\" \/>\n<meta name=\"twitter:card\" content=\"summary_large_image\" \/>\n<meta name=\"twitter:label1\" content=\"Gesch\u00e4tzte Lesezeit\" \/>\n\t<meta name=\"twitter:data1\" content=\"1 Minute\" \/>\n<script type=\"application\/ld+json\" class=\"yoast-schema-graph\">{\"@context\":\"https:\/\/schema.org\",\"@graph\":[{\"@type\":\"WebPage\",\"@id\":\"https:\/\/www.hotel-jardins-sophie.fr\/de\/unsere-spa-pakete\/\",\"url\":\"https:\/\/www.hotel-jardins-sophie.fr\/de\/unsere-spa-pakete\/\",\"name\":\"Spa-Tag Entspannungsraum Massage\",\"isPartOf\":{\"@id\":\"https:\/\/www.hotel-jardins-sophie.fr\/de\/#website\"},\"datePublished\":\"2022-12-07T14:34:22+00:00\",\"dateModified\":\"2025-05-25T08:05:53+00:00\",\"description\":\"Spa-Entspannungsbereich Erholung Tag Spa Sauna Whirlpool Massage.\",\"breadcrumb\":{\"@id\":\"https:\/\/www.hotel-jardins-sophie.fr\/de\/unsere-spa-pakete\/#breadcrumb\"},\"inLanguage\":\"de-DE\",\"potentialAction\":[{\"@type\":\"ReadAction\",\"target\":[\"https:\/\/www.hotel-jardins-sophie.fr\/de\/unsere-spa-pakete\/\"]}]},{\"@type\":\"BreadcrumbList\",\"@id\":\"https:\/\/www.hotel-jardins-sophie.fr\/de\/unsere-spa-pakete\/#breadcrumb\",\"itemListElement\":[{\"@type\":\"ListItem\",\"position\":1,\"name\":\"Home\",\"item\":\"https:\/\/www.hotel-jardins-sophie.fr\/de\/\"},{\"@type\":\"ListItem\",\"position\":2,\"name\":\"Unsere spa-pakete\"}]},{\"@type\":\"WebSite\",\"@id\":\"https:\/\/www.hotel-jardins-sophie.fr\/de\/#website\",\"url\":\"https:\/\/www.hotel-jardins-sophie.fr\/de\/\",\"name\":\"Les Jardins de Sophie\",\"description\":\"\",\"potentialAction\":[{\"@type\":\"SearchAction\",\"target\":{\"@type\":\"EntryPoint\",\"urlTemplate\":\"https:\/\/www.hotel-jardins-sophie.fr\/de\/?s={search_term_string}\"},\"query-input\":{\"@type\":\"PropertyValueSpecification\",\"valueRequired\":true,\"valueName\":\"search_term_string\"}}],\"inLanguage\":\"de-DE\"}]}<\/script>\n<!-- \/ Yoast SEO plugin. -->","yoast_head_json":{"title":"Spa-Tag Entspannungsraum Massage","description":"Spa-Entspannungsbereich Erholung Tag Spa Sauna Whirlpool Massage.","robots":{"index":"index","follow":"follow","max-snippet":"max-snippet:-1","max-image-preview":"max-image-preview:large","max-video-preview":"max-video-preview:-1"},"canonical":"https:\/\/www.hotel-jardins-sophie.fr\/de\/unsere-spa-pakete\/","og_locale":"de_DE","og_type":"article","og_title":"Spa-Tag Entspannungsraum Massage","og_description":"Spa-Entspannungsbereich Erholung Tag Spa Sauna Whirlpool Massage.","og_url":"https:\/\/www.hotel-jardins-sophie.fr\/de\/unsere-spa-pakete\/","og_site_name":"Les Jardins de Sophie","article_modified_time":"2025-05-25T08:05:53+00:00","twitter_card":"summary_large_image","twitter_misc":{"Gesch\u00e4tzte Lesezeit":"1 Minute"},"schema":{"@context":"https:\/\/schema.org","@graph":[{"@type":"WebPage","@id":"https:\/\/www.hotel-jardins-sophie.fr\/de\/unsere-spa-pakete\/","url":"https:\/\/www.hotel-jardins-sophie.fr\/de\/unsere-spa-pakete\/","name":"Spa-Tag Entspannungsraum Massage","isPartOf":{"@id":"https:\/\/www.hotel-jardins-sophie.fr\/de\/#website"},"datePublished":"2022-12-07T14:34:22+00:00","dateModified":"2025-05-25T08:05:53+00:00","description":"Spa-Entspannungsbereich Erholung Tag Spa Sauna Whirlpool Massage.","breadcrumb":{"@id":"https:\/\/www.hotel-jardins-sophie.fr\/de\/unsere-spa-pakete\/#breadcrumb"},"inLanguage":"de-DE","potentialAction":[{"@type":"ReadAction","target":["https:\/\/www.hotel-jardins-sophie.fr\/de\/unsere-spa-pakete\/"]}]},{"@type":"BreadcrumbList","@id":"https:\/\/www.hotel-jardins-sophie.fr\/de\/unsere-spa-pakete\/#breadcrumb","itemListElement":[{"@type":"ListItem","position":1,"name":"Home","item":"https:\/\/www.hotel-jardins-sophie.fr\/de\/"},{"@type":"ListItem","position":2,"name":"Unsere spa-pakete"}]},{"@type":"WebSite","@id":"https:\/\/www.hotel-jardins-sophie.fr\/de\/#website","url":"https:\/\/www.hotel-jardins-sophie.fr\/de\/","name":"Les Jardins de Sophie","description":"","potentialAction":[{"@type":"SearchAction","target":{"@type":"EntryPoint","urlTemplate":"https:\/\/www.hotel-jardins-sophie.fr\/de\/?s={search_term_string}"},"query-input":{"@type":"PropertyValueSpecification","valueRequired":true,"valueName":"search_term_string"}}],"inLanguage":"de-DE"}]}},"acf":[],"_links":{"self":[{"href":"https:\/\/www.hotel-jardins-sophie.fr\/de\/wp-json\/wp\/v2\/pages\/247","targetHints":{"allow":["GET"]}}],"collection":[{"href":"https:\/\/www.hotel-jardins-sophie.fr\/de\/wp-json\/wp\/v2\/pages"}],"about":[{"href":"https:\/\/www.hotel-jardins-sophie.fr\/de\/wp-json\/wp\/v2\/types\/page"}],"author":[{"embeddable":true,"href":"https:\/\/www.hotel-jardins-sophie.fr\/de\/wp-json\/wp\/v2\/users\/46"}],"replies":[{"embeddable":true,"href":"https:\/\/www.hotel-jardins-sophie.fr\/de\/wp-json\/wp\/v2\/comments?post=247"}],"version-history":[{"count":0,"href":"https:\/\/www.hotel-jardins-sophie.fr\/de\/wp-json\/wp\/v2\/pages\/247\/revisions"}],"wp:attachment":[{"href":"https:\/\/www.hotel-jardins-sophie.fr\/de\/wp-json\/wp\/v2\/media?parent=247"}],"curies":[{"name":"wp","href":"https:\/\/api.w.org\/{rel}","templated":true}]}}