{"id":254,"date":"2022-11-09T13:22:35","date_gmt":"2022-11-09T13:22:35","guid":{"rendered":"https:\/\/www.hotel-jardins-sophie.fr\/mentions-legales\/"},"modified":"2024-04-05T14:21:29","modified_gmt":"2024-04-05T14:21:29","slug":"rechtliche-hinweise","status":"publish","type":"page","link":"https:\/\/www.hotel-jardins-sophie.fr\/de\/rechtliche-hinweise\/","title":{"rendered":"Rechtliche hinweise"},"content":{"rendered":"<p style=\"text-align: center\">SAS JDSE<br \/>\nSi\u00e8ge social : 3 rue de l&#8217;Arm\u00e9e Patton, 54000 Nancy<br \/>\nCr\u00e9ation du site : D-Edge<br \/>\nH\u00e9bergement : TL System<\/p>\n<h3 style=\"text-align: center\">Editeur.<\/h3>\n<p style=\"text-align: center\">La Soci\u00e9t\u00e9 D-EDGE<br \/>\nADRESSE : 66, rue des Archives<br \/>\n\u00e0 PARIS (75003)<br \/>\nRCS PARIS N\u00b0 431 513 852<br \/>\nRegistre du Commerce et des Soci\u00e9t\u00e9s n\u00b0RCS<br \/>\nPARIS 431 513 852<br \/>\nCapital: 12 700 298.40\u20ac\u200b<\/p>\n<h3 style=\"text-align: center\">H\u00e9bergeur.<\/h3>\n<p style=\"text-align: center\">WPEngine, Inc. Irongate House,<br \/>\nAdresse : 22-30 Duke\u2019s Place Londres, EC3A 7LP,<br \/>\nRoyaume-Uni<br \/>\nT\u00e9l\u00e9phone : 08 00 50 53 049<\/p>\n<h3 style=\"text-align: center\">Charte de Protection des Donn\u00e9es \u00e0 Caract\u00e8re Personnel de l&#8217;h\u00f4tel Les Jardins de Sophie.<\/h3>\n<p style=\"text-align: center\">La pr\u00e9sente charte d\u00e9crit la politique g\u00e9n\u00e9rale de protection des donn\u00e9es personnelles de l\u2019h\u00f4tel Les Jardins de Sophie en tant que responsable du traitement de vos donn\u00e9es personnelles.<\/p>\n<p style=\"text-align: center\">Les termes \u00ab Les Jardins de Sophie \u00bb, \u00ab nous \u00bb et \u00ab nous-m\u00eames \u00bb font r\u00e9f\u00e9rence \u00e0 la soci\u00e9t\u00e9 SAS JDSE qui est directement impliqu\u00e9e dans la gestion et l\u2019exploitation d\u2019h\u00f4tels, de restaurants, de bars et autres entreprises similaires.<\/p>\n<h3 style=\"text-align: center\">Comment collectons-nous vos donn\u00e9es personnelles?<\/h3>\n<p style=\"text-align: center\">Les informations que vous nous communiquez nous aident \u00e0 vous fournir des services, \u00e0 conclure ou remplir un contrat avec vous et\/ou \u00e0 r\u00e9pondre ou \u00e0 prendre des mesures en r\u00e9ponse \u00e0 vos demandes. Les informations que nous collectons, dans la mesure autoris\u00e9e par le R\u00e8glement (UE) n\u00b02016\/679 du Parlement europ\u00e9en et du Conseil du 27 avril 2016 relatif \u00e0 la protection des personnes physiques \u00e0 l\u2019\u00e9gard du traitement des donn\u00e9es \u00e0 caract\u00e8re personnel et \u00e0 la libre circulation de ces donn\u00e9es, et abrogeant la directive 95\/46\/CE (ci-apr\u00e8s le \u00ab RGPD \u00bb), la loi du 1er ao\u00fbt 2018 portant organisation de la Commission nationale pour la protection des donn\u00e9es et du r\u00e9gime g\u00e9n\u00e9ral sur la protection des donn\u00e9es ainsi que toutes autres dispositions l\u00e9gales sur la protection des donn\u00e9es applicables en France (ci-apr\u00e8s les \u00ab Lois relatives \u00e0 la protection des donn\u00e9es \u00e0 caract\u00e8re personnel \u00bb), sont les suivantes :<\/p>\n<h3 style=\"text-align: center\">Les informations que vous nous transmettez :<\/h3>\n<p style=\"text-align: center\">Nous recevons et conservons les donn\u00e9es que vous saisissez sur notre site Web ou nous transmettez de toute autre mani\u00e8re, par exemple lorsque vous s\u00e9journez dans notre h\u00f4tel dont nous assurons l\u2019exploitation ou lorsque vous r\u00e9servez une table dans un de nos \u00e9tablissements. Sauf indication contraire, vous divulguez les informations de mani\u00e8re volontaire. Toutefois, si vous d\u00e9cidez de ne pas fournir certaines informations, il est possible que nous ne puissions pas r\u00e9pondre \u00e0 votre demande et que vous ne puissiez pas b\u00e9n\u00e9ficier de certains ou de l\u2019ensemble des services que nous proposons.<\/p>\n<h3 style=\"text-align: center\">Donn\u00e9es personnelles que vous communiquez pour le compte d\u2019un tiers :<\/h3>\n<p style=\"text-align: center\">Si vous saisissez des donn\u00e9es pour le compte d\u2019une autre personne, vous nous garantissez que cette personne vous a autoris\u00e9(e) \u00e0 divulguer ses donn\u00e9es personnelles sur notre syst\u00e8me et que ces informations sont exactes et correctes. Si nous subissons des pertes ou des dommages \u00e0 la suite d\u2019un manquement de votre part \u00e0 ces dispositions, nous pourrons vous demander de nous en d\u00e9dommager.<\/p>\n<h4 style=\"text-align: center\">Informations communiqu\u00e9es par des tiers :<\/h4>\n<p style=\"text-align: center\">Si vous r\u00e9servez par le biais d\u2019agences ou d\u2019agences en ligne ou autres sites en ligne de r\u00e9servation, ces derni\u00e8res nous communiquent vos donn\u00e9es personnelles pour que nous puissions prendre en compte votre r\u00e9servation et effectuer toutes les mesures pr\u00e9contractuelles du contrat que nous conclurons avec vous.<\/p>\n<h4 style=\"text-align: center\">Informations automatiques :<\/h4>\n<p style=\"text-align: center\">Nous recevons et sommes susceptibles d\u2019\u00e9valuer certains types d\u2019informations lorsque vous entrez en contact avec nous. Par exemple, \u00e0 l\u2019image de nombreux sites Web, nous recueillons certains types d\u2019informations lorsque votre navigateur Internet acc\u00e8de au site Charte de Protection des Donn\u00e9es \u00e0 Caract\u00e8re Personnel de notre \u00e9tablissement.<\/p>\n<h4 style=\"text-align: center\">Quelles sont les donn\u00e9es personnelles que nous collectons ?<\/h4>\n<p style=\"text-align: center\">Les donn\u00e9es \u00e0 caract\u00e8re personnel trait\u00e9es par nous incluent notamment mais non limitativement :<\/p>\n<p style=\"text-align: center\">des donn\u00e9es d\u2019identification personnelle (noms, pr\u00e9noms, date et lieu de naissance, nationalit\u00e9, coordonn\u00e9es postales, photos, images vid\u00e9o)<br \/>\ndes donn\u00e9es professionnelles<br \/>\ndes donn\u00e9es d\u2019identification \u00e9mises par les services publics (n\u00b0 de passeports ou cartes d\u2019identit\u00e9)<br \/>\ndes donn\u00e9es d\u2019identification \u00e9lectronique (adresse e-mail, r\u00e9seaux sociaux)<br \/>\ndes donn\u00e9es d\u2019identification bancaires et financi\u00e8res<br \/>\ndes donn\u00e9es quant au statut civil et \u00e0 la composition du m\u00e9nage<br \/>\ndes donn\u00e9es comportementales (habitudes de vie, loisirs)<br \/>\n(les \u00abDonn\u00e9es Personnelles\u00bb) relatives \u00e0 vous et votre famille.<\/p>\n<h4 style=\"text-align: center\">A quelles fins utilisons-nous vos Donn\u00e9es Personnelles ?<\/h4>\n<p style=\"text-align: center\">Nous utilisons les informations que vous nous divulguez pour conclure ou remplir un contrat avec vous, r\u00e9server une chambre d\u2019h\u00f4tel ou une table, r\u00e9pondre ou prendre des mesures en r\u00e9ponse \u00e0 vos demandes et personnaliser nos services en fonction de vos pr\u00e9f\u00e9rences.<\/p>\n<p style=\"text-align: center\">Nous exploitons \u00e9galement ces Donn\u00e9es Personnelles (i) \u00e0 des fins de statistiques et d\u2019analyses, (ii) pour vous communiquer des informations sur les services de l\u2019H\u00f4tel Les Jardins de Sophie et \u00e0 d\u2019autres produits et services dont nous pensons qu\u2019ils peuvent vous int\u00e9resser, et (iii) pour communiquer avec vous par e-mail, courrier, fax, t\u00e9l\u00e9phone ou tout autre moyen de communication.<\/p>\n<p style=\"text-align: center\">Les traitements sont bas\u00e9s sur l\u2019article 6 du RGPD sp\u00e9cifiant la lic\u00e9it\u00e9 du traitement :<\/p>\n<p style=\"text-align: center\">\u2013 n\u00e9cessaire pour l\u2019ex\u00e9cution d\u2019un contrat auquel vous \u00eates partie ou \u00e0 l\u2019ex\u00e9cution de mesures pr\u00e9contractuelles prises \u00e0 votre demande (article 6.1.b. du RGPD) (dans le but d\u2019entrer en relation contractuelle avec vous et de vous fournir les services requis);<br \/>\n\u2013 n\u00e9cessaire au respect d\u2019une obligation l\u00e9gale \u00e0 laquelle nous sommes soumis (article 6.1.c du RGPD); et<br \/>\n\u2013 n\u00e9cessaire \u00e0 nos int\u00e9r\u00eats ou \u00e0 ceux d\u2019un tiers, \u00e0 moins que ne pr\u00e9valent vos int\u00e9r\u00eats ou vos libert\u00e9s et droits fondamentaux qui exigent une protection des donn\u00e9es \u00e0 caract\u00e8re personnel, notamment lorsque la personne concern\u00e9e est un enfant (article 6.1.f.du RGDP).<\/p>\n<p style=\"text-align: center\">Nos \u00ab int\u00e9r\u00eats l\u00e9gitimes \u00bb vis\u00e9s ci-dessus sont : (a) l\u2019objectif de traitement d\u00e9crit aux points (i), (ii) et (iii) du paragraphe ci-dessus de la pr\u00e9sente clause ; (b) la fourniture de la preuve, en cas de litige, d\u2019une transaction ou de toute communication commerciale ; ainsi que (c) dans le cadre de tout achat, fusion ou acquisition propos\u00e9 de toute partie de nos activit\u00e9s.<\/p>\n<h4 style=\"text-align: center\">Qu\u2019en est-il des cookies ?<\/h4>\n<p style=\"text-align: center\">Nous utilisons des outils de suivi comme des cookies de navigateur et des balises web pour collecter des informations vous concernant. Nous recueillons des informations sur les utilisateurs au fil du temps lorsque vous utilisez ce site Internet. Nous pouvons demander \u00e0 des tiers de collecter des informations personnelles de cette mani\u00e8re. Pour de plus amples informations sur ces outils et la mani\u00e8re dont vous pouvez les contr\u00f4ler, cliquez ici : <a href=\"https:\/\/www.hotel-jardins-sophie.fr\/\">http:\/\/hotel-jardins-sophie.fr<\/a>. Nous recueillons \u00e9galement des informations \u00e0 partir de nos applications mobiles.<\/p>\n<h4 style=\"text-align: center\">L&#8217;h\u00f4tel Les Jardins de Sophie partage-t-il les informations qu\u2019il re\u00e7oit ?<\/h4>\n<p style=\"text-align: center\">Dans la mesure autoris\u00e9e par les Lois relatives \u00e0 la protection des donn\u00e9es \u00e0 caract\u00e8re personnel nous pourrons partager vos donn\u00e9es personnelles avec les h\u00f4tels et r\u00e9sidences dont nous assurons l\u2019exploitation, avec des tiers avec lesquels nous collaborons dans le cadre de promotions communes (par exemple, des restaurants locaux\/chefs c\u00e9l\u00e8bres) et avec des prestataires de services tiers qui nous assistent dans la gestion de vos donn\u00e9es et dans la communication des informations et promotions (tels que nos fournisseurs d\u2019emails et consultants en gestion de la relation client ; pour toute question concernant les tiers partenaires en traitement de donn\u00e9es et les destinataires des donn\u00e9es personnelles, merci de nous adresser un email \u00e0 l\u2019adresse suivante : <a href=\"mailto:contact@jardinsdesophie.fr\">contact@jardinsdesophie.fr<\/a>. De plus, nous pourrons partager vos donn\u00e9es personnelles avec d\u2019autres tiers si cela est raisonnablement n\u00e9cessaire pour conclure ou remplir un contrat avec vous et\/ou r\u00e9pondre ou prendre des mesures en r\u00e9ponse \u00e0 vos demandes et, le cas \u00e9ch\u00e9ant, pour respecter la l\u00e9gislation locale applicable.<\/p>\n<h4 style=\"text-align: center\">L&#8217;h\u00f4tel Les Jardins de Sophie transf\u00e8re-t-il les informations qu\u2019il re\u00e7oit vers d\u2019autres pays ?<\/h4>\n<p style=\"text-align: center\">Nous pouvons \u00eatre amen\u00e9s \u00e0 transf\u00e9rer vos informations en dehors de l\u2019Espace Economique Europ\u00e9en \u00e0 diverses fins (y compris dans les pays o\u00f9 nous avons des h\u00f4tels en d\u00e9veloppement ou op\u00e9rationnels), notamment, pour conclure ou remplir un contrat avec vous, r\u00e9server une chambre d\u2019h\u00f4tel ou une table, r\u00e9pondre ou prendre des mesures en r\u00e9ponse \u00e0 vos demandes, \u00e0 des fins de traitement par nous ou pour le compte des h\u00f4tels et r\u00e9sidences dont nous assurons l\u2019exploitation, pour am\u00e9liorer la personnalisation des services qui vous sont fournis, pour vous communiquer des informations et des promotions relatives aux services de l\u2019H\u00f4tel Les Jardins de Sophie et \u00e0 d\u2019autres produits et services susceptibles de vous int\u00e9resser. Vos informations pourront \u00eatre transf\u00e9r\u00e9es vers un pays n\u2019offrant pas un niveau de protection des donn\u00e9es ad\u00e9quat, nous prendrons cependant toutes les mesures raisonnables (y compris la conclusion d\u2019accords de transfert de donn\u00e9es \u00e0 caract\u00e8re personnel bas\u00e9s sur les clauses contractuelles types de la Commission Europ\u00e9enne, si n\u00e9cessaire) pour nous assurer que vos donn\u00e9es personnelles seront trait\u00e9es en utilisant des proc\u00e9dures raisonnables afin d\u2019en assurer la s\u00e9curit\u00e9 et la confidentialit\u00e9.<\/p>\n<h4 style=\"text-align: center\">Comment sont s\u00e9curis\u00e9es les donn\u00e9es me concernant ?<\/h4>\n<p style=\"text-align: center\">La s\u00e9curit\u00e9 de vos informations est garantie par le protocole SSL (Secure Sockets Layer). Ce protocole permet le cryptage des donn\u00e9es lors de leur transmission sur le r\u00e9seau et est valid\u00e9 par une autorit\u00e9 de certification racine.<\/p>\n<p style=\"text-align: center\">Nous affichons uniquement les quatre derniers chiffres de votre carte bancaire lorsque nous confirmons votre r\u00e9servation ou traitons les transactions commerciales en ligne. Bien entendu, nous transmettons le num\u00e9ro complet de votre carte bancaire \u00e0 la soci\u00e9t\u00e9 op\u00e9ratrice comp\u00e9tente, pour v\u00e9rification.<\/p>\n<p style=\"text-align: center\">Il est important que vous prot\u00e9giez votre ordinateur et votre mot de passe de tout acc\u00e8s non autoris\u00e9. Assurez-vous de bien vous d\u00e9connecter lorsque vous avez fini d\u2019utiliser un ordinateur partag\u00e9.<\/p>\n<h4 style=\"text-align: center\">Combien de temps les Donn\u00e9es Personnelles sont-elles conserv\u00e9es ?<\/h4>\n<p style=\"text-align: center\">Les Donn\u00e9es Personnelles sont conserv\u00e9es jusqu\u2019\u00e0 la r\u00e9alisation de la finalit\u00e9 pour laquelle elles ont \u00e9t\u00e9 collect\u00e9es. Elles sont ainsi conserv\u00e9es aussi longtemps que n\u00e9cessaire \u00e0 la r\u00e9alisation des finalit\u00e9s pour lesquelles elles sont trait\u00e9es, cette p\u00e9riode \u00e9tant soumise aux d\u00e9lais de prescription l\u00e9gaux applicables.<\/p>\n<p style=\"text-align: center\">Elles peuvent \u00e9galement \u00eatre supprim\u00e9es sur demande conform\u00e9ment \u00e0 la section ci-dessous concernant vos droits.<\/p>\n<h4 style=\"text-align: center\">Que dois-je faire si j\u2019ai des questions ou des inqui\u00e9tudes ou si je souhaite acc\u00e9der \u00e0 mes donn\u00e9es personnelles ?<\/h4>\n<p style=\"text-align: center\">Notre Responsable de la Confidentialit\u00e9 des Donn\u00e9es sera heureux de r\u00e9pondre \u00e0 toutes interrogations ou inqui\u00e9tudes que vous pourriez avoir concernant l\u2019utilisation ou la conservation de vos donn\u00e9es personnelles.<\/p>\n<p style=\"text-align: center\">Conform\u00e9ment aux Lois sur la protection des donn\u00e9es personnelles, vous b\u00e9n\u00e9ficiez des droits suivants<\/p>\n<p style=\"text-align: center\">d\u2019acc\u00e9der \u00e0 vos Donn\u00e9es Personnelles : obtenir les informations concernant le traitement de vos donn\u00e9es ;<br \/>\nde demander la rectification : obtenir la modification de vos Donn\u00e9es Personnelles si elles sont inexactes ou incompl\u00e8tes ;<br \/>\nde r\u00e9clamer l\u2019effacement (\u00ab droit \u00e0 l\u2019oubli \u00bb) : obtenir la suppression de vos Donn\u00e9es Personnelles;<br \/>\nde demander la limitation du traitement : obtenir la limitation du traitement des Donn\u00e9es Personnelles;<br \/>\nde solliciter la portabilit\u00e9 de vos Donn\u00e9es Personnelles : obtenir les Donn\u00e9es Personnelles communiqu\u00e9es et obtenir le transfert de celles-ci, sur demande ;<br \/>\nde s\u2019opposer : vous opposer au traitement de vos Donn\u00e9es Personnelles.<br \/>\nCes droits s\u2019appliquent selon les limites des Lois sur la protection des donn\u00e9es personnelles.<\/p>\n<p style=\"text-align: center\">Notre Responsable de la Confidentialit\u00e9 des Donn\u00e9es peut \u00eatre contact\u00e9 \u00e0 l\u2019adresse suivante <a href=\"mailto:contact@lesjardinsdesophie.fr\">contact@lesjardinsdesophie.fr<\/a><\/p>\n<h3 style=\"text-align: center\">Politique d\u2019utilisation des cookies<\/h3>\n<p>&nbsp;<\/p>\n<h4 style=\"text-align: center\">Cookies<\/h4>\n<p style=\"text-align: center\">Lors de la consultation de notre site recrutement, des cookies sont d\u00e9pos\u00e9s sur votre ordinateur, votre mobile ou votre tablette. Un cookie est un fichier texte d\u00e9pos\u00e9 lors de la visite d\u2019un site ou de la consultation d\u2019une publicit\u00e9. Il a pour but de collecter les informations relatives \u00e0 votre navigation et de vous adresser des services adapt\u00e9s \u00e0 votre terminal.<br \/>\nSi vous ne souhaitez pas utiliser de cookies, vous devez configurer les param\u00e8tres de votre ordinateur afin d\u2019effacer tous les cookies de sites Web et\/ou recevoir une notification si des cookies sont stock\u00e9s.<br \/>\nSi vous ne souhaitez pas modifier la configuration des cookies, poursuivez simplement votre visite sur le site.<br \/>\nPour en savoir plus sur les cookies et leur incidence sur vous et votre exp\u00e9rience de navigation, consultez le site du CNPD.<\/p>\n<h4 style=\"text-align: center\">Quel type de cookies utilisons-nous ?<\/h4>\n<p style=\"text-align: center\">Les cookies d\u2019authentifications : Ces cookies sont indispensables afin de vous identifier et acc\u00e9der \u00e0 votre compte sur notre site. Ils expirent lorsque vous quittez la session de navigation.<br \/>\nLes cookies des favoris : Ces cookies permettent de stocker vos favoris au niveau des offres. Ils expirent au bout de deux mois.<br \/>\nCookies provenant des sites internet tiers : Notre site contient des liens renvoyant vers d\u2019autres sites qui utilisent des cookies. Pour en savoir plus sur ces derniers, veuillez consulter les informations fournies par ces sites tiers sur leurs propres cookies.<\/p>\n<h4 style=\"text-align: center\">Comment g\u00e9rer les cookies sur les navigateurs ? Comment accepter ou refuser le d\u00e9p\u00f4t de cookies sur votre terminal ?<\/h4>\n<p style=\"text-align: center\">Les cookies peuvent \u00eatre g\u00e9r\u00e9s de diff\u00e9rentes mani\u00e8res : en fonction de vos pr\u00e9f\u00e9rences, vous pouvez les autoriser, les refuser, les d\u00e9sactiver (un cookie d\u00e9j\u00e0 d\u00e9pos\u00e9 peut seulement \u00eatre d\u00e9sactiv\u00e9, celui-ci s\u2019effacera seulement au terme de sa dur\u00e9e de vie). Nous attirons votre attention sur le fait que le rejet total des cookies peut conduire \u00e0 rendre certains de nos Services inaccessibles ou entra\u00eener une utilisation moins performante moins efficace ou moins adapt\u00e9e de nos Services.<br \/>\nVous pouvez exprimer vos choix et modifier vos souhaits par l\u2019interm\u00e9diaire de votre navigateur : La configuration de chaque navigateur est diff\u00e9rente. Il vous appartient de suivre les instructions de l\u2019\u00e9diteur de votre navigateur comme suit (liens disponibles \u00e0 la date de mise \u00e0 jour de cette charte de confidentialit\u00e9) :<br \/>\nSi vous utilisez Internet Explorer : <a href=\"http:\/\/windows.microsoft.com\/fr-FR\/windows-vista\/Block-or-allow-cookies\" target=\"_blank\" rel=\"noopener\">http:\/\/windows.microsoft.com\/fr-FR\/windows-vista\/Block-or-allow-cookies<\/a>.<br \/>\nSi vous utilisez Safari : <a href=\"http:\/\/support.apple.com\/kb\/PH21411\" target=\"_blank\" rel=\"noopener\">http:\/\/support.apple.com\/kb\/PH21411<\/a><br \/>\nSi vous utilisez Firefox : <a href=\"https:\/\/support.mozilla.org\/fr\/kb\/cookies-informations-sites-enregistrent#w_paramaetres-des-cookies\" target=\"_blank\" rel=\"noopener\">https:\/\/support.mozilla.org\/fr\/kb\/cookies-informations-sites-enregistrent#w_paramaetres-des-cookies<\/a><\/p>\n","protected":false},"excerpt":{"rendered":"<p>SAS JDSE Si\u00e8ge social : 3 rue de l&#8217;Arm\u00e9e Patton, 54000 Nancy Cr\u00e9ation du site : D-Edge H\u00e9bergement : TL System Editeur. La Soci\u00e9t\u00e9 D-EDGE ADRESSE : 66, rue des Archives \u00e0 PARIS (75003) RCS PARIS N\u00b0 431 513 852 Registre du Commerce et des Soci\u00e9t\u00e9s n\u00b0RCS PARIS 431 513 852 Capital: 12 700 298.40\u20ac\u200b [&hellip;]<\/p>\n","protected":false},"author":46,"featured_media":0,"parent":0,"menu_order":120,"comment_status":"closed","ping_status":"closed","template":"","meta":{"footnotes":""},"class_list":["post-254","page","type-page","status-publish","hentry"],"yoast_head":"<!-- This site is optimized with the Yoast SEO plugin v26.9 - https:\/\/yoast.com\/product\/yoast-seo-wordpress\/ -->\n<title>Les Jardins de Sophie ist eine eingetragene Marke<\/title>\n<meta name=\"description\" content=\"Hotel Les Jardins de Sophie Rechtliche Hinweise\" \/>\n<meta name=\"robots\" content=\"index, follow, max-snippet:-1, max-image-preview:large, max-video-preview:-1\" \/>\n<link rel=\"canonical\" href=\"https:\/\/www.hotel-jardins-sophie.fr\/de\/rechtliche-hinweise\/\" \/>\n<meta property=\"og:locale\" content=\"de_DE\" \/>\n<meta property=\"og:type\" content=\"article\" \/>\n<meta property=\"og:title\" content=\"Les Jardins de Sophie ist eine eingetragene Marke\" \/>\n<meta property=\"og:description\" content=\"Hotel Les Jardins de Sophie Rechtliche Hinweise\" \/>\n<meta property=\"og:url\" content=\"https:\/\/www.hotel-jardins-sophie.fr\/de\/rechtliche-hinweise\/\" \/>\n<meta property=\"og:site_name\" content=\"Les Jardins de Sophie\" \/>\n<meta property=\"article:modified_time\" content=\"2024-04-05T14:21:29+00:00\" \/>\n<meta name=\"twitter:card\" content=\"summary_large_image\" \/>\n<meta name=\"twitter:label1\" content=\"Gesch\u00e4tzte Lesezeit\" \/>\n\t<meta name=\"twitter:data1\" content=\"10 Minuten\" \/>\n<script type=\"application\/ld+json\" class=\"yoast-schema-graph\">{\"@context\":\"https:\/\/schema.org\",\"@graph\":[{\"@type\":\"WebPage\",\"@id\":\"https:\/\/www.hotel-jardins-sophie.fr\/de\/rechtliche-hinweise\/\",\"url\":\"https:\/\/www.hotel-jardins-sophie.fr\/de\/rechtliche-hinweise\/\",\"name\":\"Les Jardins de Sophie ist eine eingetragene Marke\",\"isPartOf\":{\"@id\":\"https:\/\/www.hotel-jardins-sophie.fr\/de\/#website\"},\"datePublished\":\"2022-11-09T13:22:35+00:00\",\"dateModified\":\"2024-04-05T14:21:29+00:00\",\"description\":\"Hotel Les Jardins de Sophie Rechtliche Hinweise\",\"breadcrumb\":{\"@id\":\"https:\/\/www.hotel-jardins-sophie.fr\/de\/rechtliche-hinweise\/#breadcrumb\"},\"inLanguage\":\"de-DE\",\"potentialAction\":[{\"@type\":\"ReadAction\",\"target\":[\"https:\/\/www.hotel-jardins-sophie.fr\/de\/rechtliche-hinweise\/\"]}]},{\"@type\":\"BreadcrumbList\",\"@id\":\"https:\/\/www.hotel-jardins-sophie.fr\/de\/rechtliche-hinweise\/#breadcrumb\",\"itemListElement\":[{\"@type\":\"ListItem\",\"position\":1,\"name\":\"Home\",\"item\":\"https:\/\/www.hotel-jardins-sophie.fr\/de\/\"},{\"@type\":\"ListItem\",\"position\":2,\"name\":\"Rechtliche hinweise\"}]},{\"@type\":\"WebSite\",\"@id\":\"https:\/\/www.hotel-jardins-sophie.fr\/de\/#website\",\"url\":\"https:\/\/www.hotel-jardins-sophie.fr\/de\/\",\"name\":\"Les Jardins de Sophie\",\"description\":\"\",\"potentialAction\":[{\"@type\":\"SearchAction\",\"target\":{\"@type\":\"EntryPoint\",\"urlTemplate\":\"https:\/\/www.hotel-jardins-sophie.fr\/de\/?s={search_term_string}\"},\"query-input\":{\"@type\":\"PropertyValueSpecification\",\"valueRequired\":true,\"valueName\":\"search_term_string\"}}],\"inLanguage\":\"de-DE\"}]}<\/script>\n<!-- \/ Yoast SEO plugin. -->","yoast_head_json":{"title":"Les Jardins de Sophie ist eine eingetragene Marke","description":"Hotel Les Jardins de Sophie Rechtliche Hinweise","robots":{"index":"index","follow":"follow","max-snippet":"max-snippet:-1","max-image-preview":"max-image-preview:large","max-video-preview":"max-video-preview:-1"},"canonical":"https:\/\/www.hotel-jardins-sophie.fr\/de\/rechtliche-hinweise\/","og_locale":"de_DE","og_type":"article","og_title":"Les Jardins de Sophie ist eine eingetragene Marke","og_description":"Hotel Les Jardins de Sophie Rechtliche Hinweise","og_url":"https:\/\/www.hotel-jardins-sophie.fr\/de\/rechtliche-hinweise\/","og_site_name":"Les Jardins de Sophie","article_modified_time":"2024-04-05T14:21:29+00:00","twitter_card":"summary_large_image","twitter_misc":{"Gesch\u00e4tzte Lesezeit":"10 Minuten"},"schema":{"@context":"https:\/\/schema.org","@graph":[{"@type":"WebPage","@id":"https:\/\/www.hotel-jardins-sophie.fr\/de\/rechtliche-hinweise\/","url":"https:\/\/www.hotel-jardins-sophie.fr\/de\/rechtliche-hinweise\/","name":"Les Jardins de Sophie ist eine eingetragene Marke","isPartOf":{"@id":"https:\/\/www.hotel-jardins-sophie.fr\/de\/#website"},"datePublished":"2022-11-09T13:22:35+00:00","dateModified":"2024-04-05T14:21:29+00:00","description":"Hotel Les Jardins de Sophie Rechtliche Hinweise","breadcrumb":{"@id":"https:\/\/www.hotel-jardins-sophie.fr\/de\/rechtliche-hinweise\/#breadcrumb"},"inLanguage":"de-DE","potentialAction":[{"@type":"ReadAction","target":["https:\/\/www.hotel-jardins-sophie.fr\/de\/rechtliche-hinweise\/"]}]},{"@type":"BreadcrumbList","@id":"https:\/\/www.hotel-jardins-sophie.fr\/de\/rechtliche-hinweise\/#breadcrumb","itemListElement":[{"@type":"ListItem","position":1,"name":"Home","item":"https:\/\/www.hotel-jardins-sophie.fr\/de\/"},{"@type":"ListItem","position":2,"name":"Rechtliche hinweise"}]},{"@type":"WebSite","@id":"https:\/\/www.hotel-jardins-sophie.fr\/de\/#website","url":"https:\/\/www.hotel-jardins-sophie.fr\/de\/","name":"Les Jardins de Sophie","description":"","potentialAction":[{"@type":"SearchAction","target":{"@type":"EntryPoint","urlTemplate":"https:\/\/www.hotel-jardins-sophie.fr\/de\/?s={search_term_string}"},"query-input":{"@type":"PropertyValueSpecification","valueRequired":true,"valueName":"search_term_string"}}],"inLanguage":"de-DE"}]}},"acf":[],"_links":{"self":[{"href":"https:\/\/www.hotel-jardins-sophie.fr\/de\/wp-json\/wp\/v2\/pages\/254","targetHints":{"allow":["GET"]}}],"collection":[{"href":"https:\/\/www.hotel-jardins-sophie.fr\/de\/wp-json\/wp\/v2\/pages"}],"about":[{"href":"https:\/\/www.hotel-jardins-sophie.fr\/de\/wp-json\/wp\/v2\/types\/page"}],"author":[{"embeddable":true,"href":"https:\/\/www.hotel-jardins-sophie.fr\/de\/wp-json\/wp\/v2\/users\/46"}],"replies":[{"embeddable":true,"href":"https:\/\/www.hotel-jardins-sophie.fr\/de\/wp-json\/wp\/v2\/comments?post=254"}],"version-history":[{"count":0,"href":"https:\/\/www.hotel-jardins-sophie.fr\/de\/wp-json\/wp\/v2\/pages\/254\/revisions"}],"wp:attachment":[{"href":"https:\/\/www.hotel-jardins-sophie.fr\/de\/wp-json\/wp\/v2\/media?parent=254"}],"curies":[{"name":"wp","href":"https:\/\/api.w.org\/{rel}","templated":true}]}}