{"id":607,"date":"2026-01-16T17:14:19","date_gmt":"2026-01-16T17:14:19","guid":{"rendered":"https:\/\/www.hotel-jardins-sophie.fr\/?page_id=607"},"modified":"2026-01-16T17:47:15","modified_gmt":"2026-01-16T17:47:15","slug":"junior-suite-im-aussenbereich","status":"publish","type":"page","link":"https:\/\/www.hotel-jardins-sophie.fr\/de\/zimmer-und-suiten\/junior-suite-im-aussenbereich\/","title":{"rendered":"Junior Suite im Au\u00dfenbereich"},"content":{"rendered":"<p style=\"text-align: center\">Unsere \u201aAu\u00dfen Junior Suite\u2018 mit Balkon, gelegen im unteren Bereich des Anwesens, bietet Ihnen Luxus und Komfort mitten im Garten und ist ideal f\u00fcr 3 Personen.<br \/>\n<em>(Zugang von au\u00dfen \u00fcber einen kleinen Pfad)<\/em><\/p>\n","protected":false},"excerpt":{"rendered":"<p>Unsere \u201aAu\u00dfen Junior Suite\u2018 mit Balkon, gelegen im unteren Bereich des Anwesens, bietet Ihnen Luxus und Komfort mitten im Garten und ist ideal f\u00fcr 3 Personen. (Zugang von au\u00dfen \u00fcber einen kleinen Pfad)<\/p>\n","protected":false},"author":561,"featured_media":0,"parent":235,"menu_order":240,"comment_status":"closed","ping_status":"closed","template":"template-single-room.php","meta":{"footnotes":""},"class_list":["post-607","page","type-page","status-publish","hentry"],"yoast_head":"<!-- This site is optimized with the Yoast SEO plugin v26.9 - https:\/\/yoast.com\/product\/yoast-seo-wordpress\/ -->\n<title>Junior Suite im Au\u00dfenbereich - Les Jardins de Sophie<\/title>\n<meta name=\"description\" content=\"Unsere \u201aAu\u00dfen Junior Suite\u2018 mit Balkon, gelegen im unteren Bereich des Anwesens, bietet Ihnen Luxus und Komfort mitten im Garten und ist ideal f\u00fcr 3\" \/>\n<meta name=\"robots\" content=\"index, follow, max-snippet:-1, max-image-preview:large, max-video-preview:-1\" \/>\n<link rel=\"canonical\" href=\"https:\/\/www.hotel-jardins-sophie.fr\/de\/zimmer-und-suiten\/junior-suite-im-aussenbereich\/\" \/>\n<meta property=\"og:locale\" content=\"de_DE\" \/>\n<meta property=\"og:type\" content=\"article\" \/>\n<meta property=\"og:title\" content=\"Junior Suite im Au\u00dfenbereich - Les Jardins de Sophie\" \/>\n<meta property=\"og:description\" content=\"Unsere \u201aAu\u00dfen Junior Suite\u2018 mit Balkon, gelegen im unteren Bereich des Anwesens, bietet Ihnen Luxus und Komfort mitten im Garten und ist ideal f\u00fcr 3\" \/>\n<meta property=\"og:url\" content=\"https:\/\/www.hotel-jardins-sophie.fr\/de\/zimmer-und-suiten\/junior-suite-im-aussenbereich\/\" \/>\n<meta property=\"og:site_name\" content=\"Les Jardins de Sophie\" \/>\n<meta property=\"article:modified_time\" content=\"2026-01-16T17:47:15+00:00\" \/>\n<meta name=\"twitter:card\" content=\"summary_large_image\" \/>\n<meta name=\"twitter:label1\" content=\"Gesch\u00e4tzte Lesezeit\" \/>\n\t<meta name=\"twitter:data1\" content=\"1 Minute\" \/>\n<script type=\"application\/ld+json\" class=\"yoast-schema-graph\">{\"@context\":\"https:\/\/schema.org\",\"@graph\":[{\"@type\":\"WebPage\",\"@id\":\"https:\/\/www.hotel-jardins-sophie.fr\/de\/zimmer-und-suiten\/junior-suite-im-aussenbereich\/\",\"url\":\"https:\/\/www.hotel-jardins-sophie.fr\/de\/zimmer-und-suiten\/junior-suite-im-aussenbereich\/\",\"name\":\"Junior Suite im Au\u00dfenbereich - Les Jardins de Sophie\",\"isPartOf\":{\"@id\":\"https:\/\/www.hotel-jardins-sophie.fr\/de\/#website\"},\"datePublished\":\"2026-01-16T17:14:19+00:00\",\"dateModified\":\"2026-01-16T17:47:15+00:00\",\"description\":\"Unsere \u201aAu\u00dfen Junior Suite\u2018 mit Balkon, gelegen im unteren Bereich des Anwesens, bietet Ihnen Luxus und Komfort mitten im Garten und ist ideal f\u00fcr 3\",\"breadcrumb\":{\"@id\":\"https:\/\/www.hotel-jardins-sophie.fr\/de\/zimmer-und-suiten\/junior-suite-im-aussenbereich\/#breadcrumb\"},\"inLanguage\":\"de-DE\",\"potentialAction\":[{\"@type\":\"ReadAction\",\"target\":[\"https:\/\/www.hotel-jardins-sophie.fr\/de\/zimmer-und-suiten\/junior-suite-im-aussenbereich\/\"]}]},{\"@type\":\"BreadcrumbList\",\"@id\":\"https:\/\/www.hotel-jardins-sophie.fr\/de\/zimmer-und-suiten\/junior-suite-im-aussenbereich\/#breadcrumb\",\"itemListElement\":[{\"@type\":\"ListItem\",\"position\":1,\"name\":\"Home\",\"item\":\"https:\/\/www.hotel-jardins-sophie.fr\/de\/\"},{\"@type\":\"ListItem\",\"position\":2,\"name\":\"Zimmer und Suiten\",\"item\":\"https:\/\/www.hotel-jardins-sophie.fr\/de\/zimmer-und-suiten\/\"},{\"@type\":\"ListItem\",\"position\":3,\"name\":\"Junior Suite im Au\u00dfenbereich\"}]},{\"@type\":\"WebSite\",\"@id\":\"https:\/\/www.hotel-jardins-sophie.fr\/de\/#website\",\"url\":\"https:\/\/www.hotel-jardins-sophie.fr\/de\/\",\"name\":\"Les Jardins de Sophie\",\"description\":\"\",\"potentialAction\":[{\"@type\":\"SearchAction\",\"target\":{\"@type\":\"EntryPoint\",\"urlTemplate\":\"https:\/\/www.hotel-jardins-sophie.fr\/de\/?s={search_term_string}\"},\"query-input\":{\"@type\":\"PropertyValueSpecification\",\"valueRequired\":true,\"valueName\":\"search_term_string\"}}],\"inLanguage\":\"de-DE\"}]}<\/script>\n<!-- \/ Yoast SEO plugin. -->","yoast_head_json":{"title":"Junior Suite im Au\u00dfenbereich - Les Jardins de Sophie","description":"Unsere \u201aAu\u00dfen Junior Suite\u2018 mit Balkon, gelegen im unteren Bereich des Anwesens, bietet Ihnen Luxus und Komfort mitten im Garten und ist ideal f\u00fcr 3","robots":{"index":"index","follow":"follow","max-snippet":"max-snippet:-1","max-image-preview":"max-image-preview:large","max-video-preview":"max-video-preview:-1"},"canonical":"https:\/\/www.hotel-jardins-sophie.fr\/de\/zimmer-und-suiten\/junior-suite-im-aussenbereich\/","og_locale":"de_DE","og_type":"article","og_title":"Junior Suite im Au\u00dfenbereich - Les Jardins de Sophie","og_description":"Unsere \u201aAu\u00dfen Junior Suite\u2018 mit Balkon, gelegen im unteren Bereich des Anwesens, bietet Ihnen Luxus und Komfort mitten im Garten und ist ideal f\u00fcr 3","og_url":"https:\/\/www.hotel-jardins-sophie.fr\/de\/zimmer-und-suiten\/junior-suite-im-aussenbereich\/","og_site_name":"Les Jardins de Sophie","article_modified_time":"2026-01-16T17:47:15+00:00","twitter_card":"summary_large_image","twitter_misc":{"Gesch\u00e4tzte Lesezeit":"1 Minute"},"schema":{"@context":"https:\/\/schema.org","@graph":[{"@type":"WebPage","@id":"https:\/\/www.hotel-jardins-sophie.fr\/de\/zimmer-und-suiten\/junior-suite-im-aussenbereich\/","url":"https:\/\/www.hotel-jardins-sophie.fr\/de\/zimmer-und-suiten\/junior-suite-im-aussenbereich\/","name":"Junior Suite im Au\u00dfenbereich - Les Jardins de Sophie","isPartOf":{"@id":"https:\/\/www.hotel-jardins-sophie.fr\/de\/#website"},"datePublished":"2026-01-16T17:14:19+00:00","dateModified":"2026-01-16T17:47:15+00:00","description":"Unsere \u201aAu\u00dfen Junior Suite\u2018 mit Balkon, gelegen im unteren Bereich des Anwesens, bietet Ihnen Luxus und Komfort mitten im Garten und ist ideal f\u00fcr 3","breadcrumb":{"@id":"https:\/\/www.hotel-jardins-sophie.fr\/de\/zimmer-und-suiten\/junior-suite-im-aussenbereich\/#breadcrumb"},"inLanguage":"de-DE","potentialAction":[{"@type":"ReadAction","target":["https:\/\/www.hotel-jardins-sophie.fr\/de\/zimmer-und-suiten\/junior-suite-im-aussenbereich\/"]}]},{"@type":"BreadcrumbList","@id":"https:\/\/www.hotel-jardins-sophie.fr\/de\/zimmer-und-suiten\/junior-suite-im-aussenbereich\/#breadcrumb","itemListElement":[{"@type":"ListItem","position":1,"name":"Home","item":"https:\/\/www.hotel-jardins-sophie.fr\/de\/"},{"@type":"ListItem","position":2,"name":"Zimmer und Suiten","item":"https:\/\/www.hotel-jardins-sophie.fr\/de\/zimmer-und-suiten\/"},{"@type":"ListItem","position":3,"name":"Junior Suite im Au\u00dfenbereich"}]},{"@type":"WebSite","@id":"https:\/\/www.hotel-jardins-sophie.fr\/de\/#website","url":"https:\/\/www.hotel-jardins-sophie.fr\/de\/","name":"Les Jardins de Sophie","description":"","potentialAction":[{"@type":"SearchAction","target":{"@type":"EntryPoint","urlTemplate":"https:\/\/www.hotel-jardins-sophie.fr\/de\/?s={search_term_string}"},"query-input":{"@type":"PropertyValueSpecification","valueRequired":true,"valueName":"search_term_string"}}],"inLanguage":"de-DE"}]}},"acf":[],"_links":{"self":[{"href":"https:\/\/www.hotel-jardins-sophie.fr\/de\/wp-json\/wp\/v2\/pages\/607","targetHints":{"allow":["GET"]}}],"collection":[{"href":"https:\/\/www.hotel-jardins-sophie.fr\/de\/wp-json\/wp\/v2\/pages"}],"about":[{"href":"https:\/\/www.hotel-jardins-sophie.fr\/de\/wp-json\/wp\/v2\/types\/page"}],"author":[{"embeddable":true,"href":"https:\/\/www.hotel-jardins-sophie.fr\/de\/wp-json\/wp\/v2\/users\/561"}],"replies":[{"embeddable":true,"href":"https:\/\/www.hotel-jardins-sophie.fr\/de\/wp-json\/wp\/v2\/comments?post=607"}],"version-history":[{"count":0,"href":"https:\/\/www.hotel-jardins-sophie.fr\/de\/wp-json\/wp\/v2\/pages\/607\/revisions"}],"up":[{"embeddable":true,"href":"https:\/\/www.hotel-jardins-sophie.fr\/de\/wp-json\/wp\/v2\/pages\/235"}],"wp:attachment":[{"href":"https:\/\/www.hotel-jardins-sophie.fr\/de\/wp-json\/wp\/v2\/media?parent=607"}],"curies":[{"name":"wp","href":"https:\/\/api.w.org\/{rel}","templated":true}]}}